{"id":129,"date":"2018-11-27T11:37:15","date_gmt":"2018-11-27T11:37:15","guid":{"rendered":"http:\/\/demo.accesspressthemes.com\/store-mart-lite\/?page_id=129"},"modified":"2023-12-14T07:28:28","modified_gmt":"2023-12-14T06:28:28","slug":"wishlist","status":"publish","type":"page","link":"https:\/\/shop.commander.sk\/cz\/wishlist\/","title":{"rendered":"WishList"},"content":{"rendered":"<div data-elementor-type=\"wp-page\" data-elementor-id=\"129\" class=\"elementor elementor-129\" data-elementor-settings=\"[]\">\n\t\t\t\t\t\t<div class=\"elementor-inner\">\n\t\t\t\t\t\t\t<div class=\"elementor-section-wrap\">\n\t\t\t\t\t\t\t<section class=\"elementor-section elementor-top-section elementor-element elementor-element-7096b065 elementor-section-boxed elementor-section-height-default elementor-section-height-default\" data-id=\"7096b065\" data-element_type=\"section\">\n\t\t\t\t\t\t<div class=\"elementor-container elementor-column-gap-default\">\n\t\t\t\t\t\t\t<div class=\"elementor-row\">\n\t\t\t\t\t<div class=\"elementor-column elementor-col-100 elementor-top-column elementor-element elementor-element-12654d17\" data-id=\"12654d17\" data-element_type=\"column\">\n\t\t\t<div class=\"elementor-column-wrap elementor-element-populated\">\n\t\t\t\t\t\t\t<div class=\"elementor-widget-wrap\">\n\t\t\t\t\t\t<div class=\"elementor-element elementor-element-b3197b8 elementor-widget elementor-widget-shortcode\" data-id=\"b3197b8\" data-element_type=\"widget\" data-widget_type=\"shortcode.default\">\n\t\t\t\t<div class=\"elementor-widget-container\">\n\t\t\t\t\t<div class=\"elementor-shortcode\">\n\n\n\n<form id=\"yith-wcwl-form\" action=\"https:\/\/shop.commander.sk\/cz\/wishlist\/\" method=\"post\" class=\"woocommerce yith-wcwl-form wishlist-fragment\" data-fragment-options=\"{&quot;per_page&quot;:5,&quot;current_page&quot;:1,&quot;pagination&quot;:&quot;no&quot;,&quot;wishlist_id&quot;:false,&quot;action_params&quot;:false,&quot;no_interactions&quot;:false,&quot;layout&quot;:&quot;&quot;,&quot;wishlist&quot;:false,&quot;is_default&quot;:true,&quot;is_custom_list&quot;:false,&quot;wishlist_token&quot;:&quot;&quot;,&quot;is_private&quot;:false,&quot;count&quot;:0,&quot;page_title&quot;:&quot;&quot;,&quot;default_wishlsit_title&quot;:&quot;&quot;,&quot;page_links&quot;:false,&quot;is_user_logged_in&quot;:false,&quot;is_user_owner&quot;:true,&quot;can_user_edit_title&quot;:false,&quot;show_price&quot;:true,&quot;show_dateadded&quot;:false,&quot;show_stock_status&quot;:true,&quot;show_add_to_cart&quot;:true,&quot;show_remove_product&quot;:false,&quot;add_to_cart_text&quot;:&quot;Vlo\\u017ei\\u0165 do ko\\u0161\\u00edka&quot;,&quot;show_ask_estimate_button&quot;:false,&quot;ask_estimate_url&quot;:&quot;&quot;,&quot;price_excl_tax&quot;:false,&quot;show_cb&quot;:false,&quot;show_quantity&quot;:false,&quot;show_variation&quot;:false,&quot;show_price_variations&quot;:false,&quot;show_update&quot;:false,&quot;enable_drag_n_drop&quot;:false,&quot;enable_add_all_to_cart&quot;:false,&quot;move_to_another_wishlist&quot;:false,&quot;repeat_remove_button&quot;:true,&quot;show_last_column&quot;:true,&quot;heading_icon&quot;:&quot;&lt;i class=\\&quot;fa none\\&quot;&gt;&lt;\\\/i&gt;&quot;,&quot;share_enabled&quot;:false,&quot;template_part&quot;:&quot;view&quot;,&quot;additional_info&quot;:false,&quot;available_multi_wishlist&quot;:false,&quot;form_action&quot;:&quot;https:\\\/\\\/shop.commander.sk\\\/cz\\\/wishlist\\\/&quot;,&quot;item&quot;:&quot;wishlist&quot;}\" data-trp-original-action=\"https:\/\/shop.commander.sk\/cz\/wishlist\/\">\n\n\t<!-- TITLE -->\n\t\n\r\n<!-- WISHLIST TABLE -->\r\n<table class=\"shop_table cart wishlist_table wishlist_view traditional responsive\" data-pagination=\"no\" data-per-page=\"5\" data-page=\"1\" data-id=\"\" data-token=\"\">\r\n\r\n    \r\n    <thead>\r\n    <tr>\r\n        \r\n        \r\n        <th class=\"product-thumbnail\"><\/th>\r\n\r\n        <th class=\"product-name\">\r\n            <span class=\"nobr\">\r\n                Product name            <\/span>\r\n        <\/th>\r\n\r\n                    <th class=\"product-price\">\r\n                <span class=\"nobr\">\r\n                    Unit price                <\/span>\r\n            <\/th>\r\n        \r\n        \r\n                    <th class=\"product-stock-status\">\r\n                <span class=\"nobr\">\r\n                    Stock status                <\/span>\r\n            <\/th>\r\n        \r\n                    <th class=\"product-add-to-cart\"><\/th>\r\n        \r\n            <\/tr>\r\n    <\/thead>\r\n\r\n    <tbody class=\"wishlist-items-wrapper\">\r\n            <tr class=\"no-products\">\r\n            <td colspan=\"5\" class=\"wishlist-empty\">No products added to the wishlist<\/td>\r\n        <\/tr>\r\n        <\/tbody>\r\n\r\n<\/table>\n\t<div class=\"yith_wcwl_wishlist_footer\">\n\t\t\n\n\t\t\n\n\t\t\n\t\t\t<\/div>\n\n\t<input type=\"hidden\" id=\"yith_wcwl_edit_wishlist\" name=\"yith_wcwl_edit_wishlist\" value=\"b630e68fce\" \/><input type=\"hidden\" name=\"_wp_http_referer\" value=\"\/cz\/wp-json\/wp\/v2\/pages\/129\" \/>\t<input type=\"hidden\" value=\"\" name=\"wishlist_id\" id=\"wishlist_id\">\n\n\t\n<input type=\"hidden\" name=\"trp-form-language\" value=\"cz\"\/><\/form>\n\n\n\n<\/div>\n\t\t\t\t<\/div>\n\t\t\t\t<\/div>\n\t\t\t\t\t\t<\/div>\n\t\t\t\t\t<\/div>\n\t\t<\/div>\n\t\t\t\t\t\t\t\t<\/div>\n\t\t\t\t\t<\/div>\n\t\t<\/section>\n\t\t\t\t\t\t<\/div>\n\t\t\t\t\t\t<\/div>\n\t\t\t\t\t<\/div>","protected":false},"excerpt":{"rendered":"","protected":false},"author":1,"featured_media":2643,"parent":0,"menu_order":0,"comment_status":"closed","ping_status":"closed","template":"","meta":{"_links_to":"","_links_to_target":""},"acf":[],"yoast_head":"<!-- This site is optimized with the Yoast SEO plugin v18.4.1 - https:\/\/yoast.com\/wordpress\/plugins\/seo\/ -->\n<title>WishList - Commander Services<\/title>\n<meta name=\"description\" content=\"Wishlist E-shop Commander - poskytujeme jednoduch\u00e9 a nen\u00e1padne zabezpe\u010denie vozidiel a aj technol\u00f3gie, ktor\u00e9 chr\u00e1nia va\u0161u rodinu.\" \/>\n<meta name=\"robots\" content=\"index, follow, max-snippet:-1, max-image-preview:large, max-video-preview:-1\" \/>\n<link rel=\"canonical\" href=\"https:\/\/shop.commander.sk\/cz\/wishlist\/\" \/>\n<meta property=\"og:locale\" content=\"cs_CZ\" \/>\n<meta property=\"og:type\" content=\"article\" \/>\n<meta property=\"og:title\" content=\"WishList - Commander Services\" \/>\n<meta property=\"og:description\" content=\"Wishlist E-shop Commander - poskytujeme jednoduch\u00e9 a nen\u00e1padne zabezpe\u010denie vozidiel a aj technol\u00f3gie, ktor\u00e9 chr\u00e1nia va\u0161u rodinu.\" \/>\n<meta property=\"og:url\" content=\"https:\/\/shop.commander.sk\/cz\/wishlist\/\" \/>\n<meta property=\"og:site_name\" content=\"Commander Services\" \/>\n<meta property=\"article:modified_time\" content=\"2023-12-14T06:28:28+00:00\" \/>\n<meta property=\"og:image\" content=\"https:\/\/shop.commander.sk\/wp-content\/uploads\/2020\/12\/commander_icon.png\" \/>\n\t<meta property=\"og:image:width\" content=\"96\" \/>\n\t<meta property=\"og:image:height\" content=\"96\" \/>\n\t<meta property=\"og:image:type\" content=\"image\/png\" \/>\n<meta name=\"twitter:card\" content=\"summary_large_image\" \/>\n<meta name=\"twitter:label1\" content=\"Odhadovan\u00e1 doba \u010dten\u00ed\" \/>\n\t<meta name=\"twitter:data1\" content=\"1 minuta\" \/>\n<script type=\"application\/ld+json\" class=\"yoast-schema-graph\">{\"@context\":\"https:\/\/schema.org\",\"@graph\":[{\"@type\":\"WebSite\",\"@id\":\"https:\/\/shop.commander.sk\/#website\",\"url\":\"https:\/\/shop.commander.sk\/\",\"name\":\"Commander Services\",\"description\":\"\",\"potentialAction\":[{\"@type\":\"SearchAction\",\"target\":{\"@type\":\"EntryPoint\",\"urlTemplate\":\"https:\/\/shop.commander.sk\/?s={search_term_string}\"},\"query-input\":\"required name=search_term_string\"}],\"inLanguage\":\"cs\"},{\"@type\":\"ImageObject\",\"@id\":\"https:\/\/shop.commander.sk\/wishlist\/#primaryimage\",\"inLanguage\":\"cs\",\"url\":\"https:\/\/shop.commander.sk\/wp-content\/uploads\/2020\/12\/commander_icon.png\",\"contentUrl\":\"https:\/\/shop.commander.sk\/wp-content\/uploads\/2020\/12\/commander_icon.png\",\"width\":96,\"height\":96,\"caption\":\"Commander icona\"},{\"@type\":\"WebPage\",\"@id\":\"https:\/\/shop.commander.sk\/wishlist\/#webpage\",\"url\":\"https:\/\/shop.commander.sk\/wishlist\/\",\"name\":\"WishList - Commander Services\",\"isPartOf\":{\"@id\":\"https:\/\/shop.commander.sk\/#website\"},\"primaryImageOfPage\":{\"@id\":\"https:\/\/shop.commander.sk\/wishlist\/#primaryimage\"},\"datePublished\":\"2018-11-27T11:37:15+00:00\",\"dateModified\":\"2023-12-14T06:28:28+00:00\",\"description\":\"Wishlist E-shop Commander - poskytujeme jednoduch\u00e9 a nen\u00e1padne zabezpe\u010denie vozidiel a aj technol\u00f3gie, ktor\u00e9 chr\u00e1nia va\u0161u rodinu.\",\"breadcrumb\":{\"@id\":\"https:\/\/shop.commander.sk\/wishlist\/#breadcrumb\"},\"inLanguage\":\"cs\",\"potentialAction\":[{\"@type\":\"ReadAction\",\"target\":[\"https:\/\/shop.commander.sk\/wishlist\/\"]}]},{\"@type\":\"BreadcrumbList\",\"@id\":\"https:\/\/shop.commander.sk\/wishlist\/#breadcrumb\",\"itemListElement\":[{\"@type\":\"ListItem\",\"position\":1,\"name\":\"Dom\u016f\",\"item\":\"https:\/\/shop.commander.sk\/\"},{\"@type\":\"ListItem\",\"position\":2,\"name\":\"WishList\"}]}]}<\/script>\n<!-- \/ Yoast SEO plugin. -->","yoast_head_json":{"title":"WishList - Commander Services","description":"Wishlist E-shop Commander - poskytujeme jednoduch\u00e9 a nen\u00e1padne zabezpe\u010denie vozidiel a aj technol\u00f3gie, ktor\u00e9 chr\u00e1nia va\u0161u rodinu.","robots":{"index":"index","follow":"follow","max-snippet":"max-snippet:-1","max-image-preview":"max-image-preview:large","max-video-preview":"max-video-preview:-1"},"canonical":"https:\/\/shop.commander.sk\/cz\/wishlist\/","og_locale":"cs_CZ","og_type":"article","og_title":"WishList - Commander Services","og_description":"Wishlist E-shop Commander - poskytujeme jednoduch\u00e9 a nen\u00e1padne zabezpe\u010denie vozidiel a aj technol\u00f3gie, ktor\u00e9 chr\u00e1nia va\u0161u rodinu.","og_url":"https:\/\/shop.commander.sk\/cz\/wishlist\/","og_site_name":"Commander Services","article_modified_time":"2023-12-14T06:28:28+00:00","og_image":[{"width":96,"height":96,"url":"https:\/\/shop.commander.sk\/wp-content\/uploads\/2020\/12\/commander_icon.png","type":"image\/png"}],"twitter_card":"summary_large_image","twitter_misc":{"Odhadovan\u00e1 doba \u010dten\u00ed":"1 minuta"},"schema":{"@context":"https:\/\/schema.org","@graph":[{"@type":"WebSite","@id":"https:\/\/shop.commander.sk\/#website","url":"https:\/\/shop.commander.sk\/","name":"Commander Services","description":"","potentialAction":[{"@type":"SearchAction","target":{"@type":"EntryPoint","urlTemplate":"https:\/\/shop.commander.sk\/?s={search_term_string}"},"query-input":"required name=search_term_string"}],"inLanguage":"cs"},{"@type":"ImageObject","@id":"https:\/\/shop.commander.sk\/wishlist\/#primaryimage","inLanguage":"cs","url":"https:\/\/shop.commander.sk\/wp-content\/uploads\/2020\/12\/commander_icon.png","contentUrl":"https:\/\/shop.commander.sk\/wp-content\/uploads\/2020\/12\/commander_icon.png","width":96,"height":96,"caption":"Commander icona"},{"@type":"WebPage","@id":"https:\/\/shop.commander.sk\/wishlist\/#webpage","url":"https:\/\/shop.commander.sk\/wishlist\/","name":"WishList - Commander Services","isPartOf":{"@id":"https:\/\/shop.commander.sk\/#website"},"primaryImageOfPage":{"@id":"https:\/\/shop.commander.sk\/wishlist\/#primaryimage"},"datePublished":"2018-11-27T11:37:15+00:00","dateModified":"2023-12-14T06:28:28+00:00","description":"Wishlist E-shop Commander - poskytujeme jednoduch\u00e9 a nen\u00e1padne zabezpe\u010denie vozidiel a aj technol\u00f3gie, ktor\u00e9 chr\u00e1nia va\u0161u rodinu.","breadcrumb":{"@id":"https:\/\/shop.commander.sk\/wishlist\/#breadcrumb"},"inLanguage":"cs","potentialAction":[{"@type":"ReadAction","target":["https:\/\/shop.commander.sk\/wishlist\/"]}]},{"@type":"BreadcrumbList","@id":"https:\/\/shop.commander.sk\/wishlist\/#breadcrumb","itemListElement":[{"@type":"ListItem","position":1,"name":"Dom\u016f","item":"https:\/\/shop.commander.sk\/"},{"@type":"ListItem","position":2,"name":"WishList"}]}]}},"_links":{"self":[{"href":"https:\/\/shop.commander.sk\/cz\/wp-json\/wp\/v2\/pages\/129"}],"collection":[{"href":"https:\/\/shop.commander.sk\/cz\/wp-json\/wp\/v2\/pages"}],"about":[{"href":"https:\/\/shop.commander.sk\/cz\/wp-json\/wp\/v2\/types\/page"}],"author":[{"embeddable":true,"href":"https:\/\/shop.commander.sk\/cz\/wp-json\/wp\/v2\/users\/1"}],"replies":[{"embeddable":true,"href":"https:\/\/shop.commander.sk\/cz\/wp-json\/wp\/v2\/comments?post=129"}],"version-history":[{"count":0,"href":"https:\/\/shop.commander.sk\/cz\/wp-json\/wp\/v2\/pages\/129\/revisions"}],"wp:featuredmedia":[{"embeddable":true,"href":"https:\/\/shop.commander.sk\/cz\/wp-json\/wp\/v2\/media\/2643"}],"wp:attachment":[{"href":"https:\/\/shop.commander.sk\/cz\/wp-json\/wp\/v2\/media?parent=129"}],"curies":[{"name":"wp","href":"https:\/\/api.w.org\/{rel}","templated":true}]}}