{"id":603,"date":"2020-06-05T09:02:13","date_gmt":"2020-06-05T02:02:13","guid":{"rendered":"https:\/\/elementor.thembay.com\/diza\/?page_id=603"},"modified":"2023-12-14T07:27:26","modified_gmt":"2023-12-14T06:27:26","slug":"najcastejsie-otazky-a-odpovede","status":"publish","type":"page","link":"https:\/\/shop.commander.sk\/cz\/najcastejsie-otazky-a-odpovede\/","title":{"rendered":"FAQ"},"content":{"rendered":"<div data-elementor-type=\"wp-page\" data-elementor-id=\"603\" class=\"elementor elementor-603\" data-elementor-settings=\"[]\">\n\t\t\t\t\t\t<div class=\"elementor-inner\">\n\t\t\t\t\t\t\t<div class=\"elementor-section-wrap\">\n\t\t\t\t\t\t\t<section class=\"elementor-section elementor-top-section elementor-element elementor-element-b8f4966 elementor-section-stretched elementor-hidden-desktop elementor-hidden-tablet elementor-hidden-phone elementor-section-boxed elementor-section-height-default elementor-section-height-default\" data-id=\"b8f4966\" data-element_type=\"section\" data-settings=\"{&quot;stretch_section&quot;:&quot;section-stretched&quot;}\">\n\t\t\t\t\t\t<div class=\"elementor-container elementor-column-gap-default\">\n\t\t\t\t\t\t\t<div class=\"elementor-row\">\n\t\t\t\t\t<div class=\"elementor-column elementor-col-100 elementor-top-column elementor-element elementor-element-4f95193\" data-id=\"4f95193\" data-element_type=\"column\">\n\t\t\t<div class=\"elementor-column-wrap elementor-element-populated\">\n\t\t\t\t\t\t\t<div class=\"elementor-widget-wrap\">\n\t\t\t\t\t\t<div class=\"elementor-element elementor-element-d344e5e elementor-widget elementor-widget-tbay-heading\" data-id=\"d344e5e\" data-element_type=\"widget\" data-widget_type=\"tbay-heading.default\">\n\t\t\t\t<div class=\"elementor-widget-container\">\n\t\t\t\r\n<div class=\"tbay-element tbay-element-heading\">\r\n\t            <h1 class=\"heading-tbay-title\">\r\n\r\n                \r\n\t\t\t\t\t\t\t\t\t<span class=\"title\">Naj\u010dastej\u0161ie ot\u00e1zky a odpovede<\/span>\r\n\t\t\t\t\t    \t\r\n\t\t\t\t\t\t\t<\/h1>\r\n\t\t<\/div>\t\t<\/div>\n\t\t\t\t<\/div>\n\t\t\t\t\t\t<\/div>\n\t\t\t\t\t<\/div>\n\t\t<\/div>\n\t\t\t\t\t\t\t\t<\/div>\n\t\t\t\t\t<\/div>\n\t\t<\/section>\n\t\t\t\t<section class=\"elementor-section elementor-top-section elementor-element elementor-element-688d743 elementor-section-stretched elementor-section-boxed elementor-section-height-default elementor-section-height-default\" data-id=\"688d743\" data-element_type=\"section\" data-settings=\"{&quot;stretch_section&quot;:&quot;section-stretched&quot;}\">\n\t\t\t\t\t\t<div class=\"elementor-container elementor-column-gap-default\">\n\t\t\t\t\t\t\t<div class=\"elementor-row\">\n\t\t\t\t\t<div class=\"elementor-column elementor-col-100 elementor-top-column elementor-element elementor-element-c15a708\" data-id=\"c15a708\" data-element_type=\"column\">\n\t\t\t<div class=\"elementor-column-wrap elementor-element-populated\">\n\t\t\t\t\t\t\t<div class=\"elementor-widget-wrap\">\n\t\t\t\t\t\t<div class=\"elementor-element elementor-element-5f9e01e elementor-widget elementor-widget-tbay-heading\" data-id=\"5f9e01e\" data-element_type=\"widget\" data-widget_type=\"tbay-heading.default\">\n\t\t\t\t<div class=\"elementor-widget-container\">\n\t\t\t\r\n<div class=\"tbay-element tbay-element-heading\">\r\n\t            <h3 class=\"heading-tbay-title\">\r\n\r\n                \r\n\t\t\t\t\t\t\t\t\t<span class=\"title\">Nej\u010dast\u011bj\u0161\u00ed dotazy<\/span>\r\n\t\t\t\t\t    \t\r\n\t\t\t\t\t\t\t<\/h3>\r\n\t\t<\/div>\t\t<\/div>\n\t\t\t\t<\/div>\n\t\t\t\t\t\t<\/div>\n\t\t\t\t\t<\/div>\n\t\t<\/div>\n\t\t\t\t\t\t\t\t<\/div>\n\t\t\t\t\t<\/div>\n\t\t<\/section>\n\t\t\t\t<section class=\"elementor-section elementor-top-section elementor-element elementor-element-46fa028 elementor-section-stretched elementor-section-boxed elementor-section-height-default elementor-section-height-default\" data-id=\"46fa028\" data-element_type=\"section\" data-settings=\"{&quot;stretch_section&quot;:&quot;section-stretched&quot;}\">\n\t\t\t\t\t\t<div class=\"elementor-container elementor-column-gap-default\">\n\t\t\t\t\t\t\t<div class=\"elementor-row\">\n\t\t\t\t\t<div class=\"elementor-column elementor-col-100 elementor-top-column elementor-element elementor-element-c51d3a5\" data-id=\"c51d3a5\" data-element_type=\"column\">\n\t\t\t<div class=\"elementor-column-wrap elementor-element-populated\">\n\t\t\t\t\t\t\t<div class=\"elementor-widget-wrap\">\n\t\t\t\t\t\t<div class=\"elementor-element elementor-element-80a0bc9 elementor-widget elementor-widget-heading\" data-id=\"80a0bc9\" data-element_type=\"widget\" data-widget_type=\"heading.default\">\n\t\t\t\t<div class=\"elementor-widget-container\">\n\t\t\t<h4 class=\"elementor-heading-title elementor-size-default\">P\u0159\u00edstup do syst\u00e9mu<\/h4>\t\t<\/div>\n\t\t\t\t<\/div>\n\t\t\t\t<div class=\"elementor-element elementor-element-e8d4ce5 elementor-widget elementor-widget-accordion\" data-id=\"e8d4ce5\" data-element_type=\"widget\" data-widget_type=\"accordion.default\">\n\t\t\t\t<div class=\"elementor-widget-container\">\n\t\t\t\t\t<div class=\"elementor-accordion\" role=\"tablist\">\n\t\t\t\t\t\t\t<div class=\"elementor-accordion-item\">\n\t\t\t\t\t<div id=\"elementor-tab-title-2441\" class=\"elementor-tab-title\" data-tab=\"1\" role=\"tab\" aria-controls=\"elementor-tab-content-2441\" aria-expanded=\"false\">\n\t\t\t\t\t\t\t\t\t\t\t\t\t<span class=\"elementor-accordion-icon elementor-accordion-icon-left\" aria-hidden=\"true\">\n\t\t\t\t\t\t\t\t\t\t\t\t\t\t\t<span class=\"elementor-accordion-icon-closed\"><i class=\"fas fa-plus\"><\/i><\/span>\n\t\t\t\t\t\t\t\t<span class=\"elementor-accordion-icon-opened\"><i class=\"fas fa-minus\"><\/i><\/span>\n\t\t\t\t\t\t\t\t\t\t\t\t\t\t<\/span>\n\t\t\t\t\t\t\t\t\t\t\t\t<a class=\"elementor-accordion-title\" href=\"\">Jak se p\u0159ihl\u00e1s\u00edm do syst\u00e9mu Commander Control Car v mobiln\u00ed aplikaci?<\/a>\n\t\t\t\t\t<\/div>\n\t\t\t\t\t<div id=\"elementor-tab-content-2441\" class=\"elementor-tab-content elementor-clearfix\" data-tab=\"1\" role=\"tabpanel\" aria-labelledby=\"elementor-tab-title-2441\"><p>Do syst\u00e9mu Commander Control Car se m\u016f\u017eete p\u0159ihl\u00e1sit tak\u00e9 prost\u0159ednictv\u00edm mobiln\u00ed aplikace, kterou si st\u00e1hnete pro iOS i pro Android. P\u0159ihla\u0161ovac\u00ed \u00fadaje do aplikace jsou stejn\u00e9 jako p\u0159i p\u0159ihla\u0161ov\u00e1n\u00ed p\u0159es webovou str\u00e1nku. V\u00edce o mobiln\u00ed aplikaci se dozv\u00edte v \u010dl\u00e1nku na na\u0161em blogu.<\/p><\/div>\n\t\t\t\t<\/div>\n\t\t\t\t\t\t\t\t<\/div>\n\t\t\t\t<\/div>\n\t\t\t\t<\/div>\n\t\t\t\t\t\t<\/div>\n\t\t\t\t\t<\/div>\n\t\t<\/div>\n\t\t\t\t\t\t\t\t<\/div>\n\t\t\t\t\t<\/div>\n\t\t<\/section>\n\t\t\t\t<section class=\"elementor-section elementor-top-section elementor-element elementor-element-76c5971 elementor-section-stretched elementor-section-boxed elementor-section-height-default elementor-section-height-default\" data-id=\"76c5971\" data-element_type=\"section\" data-settings=\"{&quot;stretch_section&quot;:&quot;section-stretched&quot;}\">\n\t\t\t\t\t\t<div class=\"elementor-container elementor-column-gap-default\">\n\t\t\t\t\t\t\t<div class=\"elementor-row\">\n\t\t\t\t\t<div class=\"elementor-column elementor-col-100 elementor-top-column elementor-element elementor-element-4e67ff2\" data-id=\"4e67ff2\" data-element_type=\"column\">\n\t\t\t<div class=\"elementor-column-wrap elementor-element-populated\">\n\t\t\t\t\t\t\t<div class=\"elementor-widget-wrap\">\n\t\t\t\t\t\t<div class=\"elementor-element elementor-element-4ac95ae elementor-widget elementor-widget-heading\" data-id=\"4ac95ae\" data-element_type=\"widget\" data-widget_type=\"heading.default\">\n\t\t\t\t<div class=\"elementor-widget-container\">\n\t\t\t<h4 class=\"elementor-heading-title elementor-size-default\">Konkr\u00e9tn\u00ed p\u0159\u00edklady v syst\u00e9mu CCC<\/h4>\t\t<\/div>\n\t\t\t\t<\/div>\n\t\t\t\t<div class=\"elementor-element elementor-element-ec2ce3d elementor-widget elementor-widget-accordion\" data-id=\"ec2ce3d\" data-element_type=\"widget\" data-widget_type=\"accordion.default\">\n\t\t\t\t<div class=\"elementor-widget-container\">\n\t\t\t\t\t<div class=\"elementor-accordion\" role=\"tablist\">\n\t\t\t\t\t\t\t<div class=\"elementor-accordion-item\">\n\t\t\t\t\t<div id=\"elementor-tab-title-2471\" class=\"elementor-tab-title\" data-tab=\"1\" role=\"tab\" aria-controls=\"elementor-tab-content-2471\" aria-expanded=\"false\">\n\t\t\t\t\t\t\t\t\t\t\t\t\t<span class=\"elementor-accordion-icon elementor-accordion-icon-left\" aria-hidden=\"true\">\n\t\t\t\t\t\t\t\t\t\t\t\t\t\t\t<span class=\"elementor-accordion-icon-closed\"><i class=\"fas fa-plus\"><\/i><\/span>\n\t\t\t\t\t\t\t\t<span class=\"elementor-accordion-icon-opened\"><i class=\"fas fa-minus\"><\/i><\/span>\n\t\t\t\t\t\t\t\t\t\t\t\t\t\t<\/span>\n\t\t\t\t\t\t\t\t\t\t\t\t<a class=\"elementor-accordion-title\" href=\"\">V\u016fz je v pohybu, ale v p\u0159ehledu j\u00edzd (v online okn\u011b pod mapou) sv\u00edt\u00ed 0 km, \u017e\u00e1dn\u00e1 j\u00edzda. Pro\u010d tomu tak je?<\/a>\n\t\t\t\t\t<\/div>\n\t\t\t\t\t<div id=\"elementor-tab-content-2471\" class=\"elementor-tab-content elementor-clearfix\" data-tab=\"1\" role=\"tabpanel\" aria-labelledby=\"elementor-tab-title-2471\"><p>Jedn\u00e1 se pravd\u011bpodobn\u011b o prvn\u00ed j\u00edzdu dne\u0161n\u00edho dne a j\u00edzda je\u0161t\u011b nebyla ukon\u010dena. Syst\u00e9m j\u00edzdu je\u0161t\u011b nevygeneroval a proto nen\u00ed v p\u0159ehledu j\u00edzd. Teprve p\u0159i prvn\u00edm zastaven\u00ed vozidla a vypnut\u00ed zapalov\u00e1n\u00ed se j\u00edzda vygeneruje a zobraz\u00ed v p\u0159ehledu j\u00edzd. Do t\u00e9 doby m\u016f\u017eete j\u00edzdu sledovat na map\u011b (p\u0159i otev\u0159en\u00ed v nov\u00e9m okn\u011b), od jej\u00edho za\u010d\u00e1tku a\u017e po aktu\u00e1ln\u00ed pozici.\n\u200b<\/p><\/div>\n\t\t\t\t<\/div>\n\t\t\t\t\t\t\t\t<\/div>\n\t\t\t\t<\/div>\n\t\t\t\t<\/div>\n\t\t\t\t\t\t<\/div>\n\t\t\t\t\t<\/div>\n\t\t<\/div>\n\t\t\t\t\t\t\t\t<\/div>\n\t\t\t\t\t<\/div>\n\t\t<\/section>\n\t\t\t\t\t\t<\/div>\n\t\t\t\t\t\t<\/div>\n\t\t\t\t\t<\/div>","protected":false},"excerpt":{"rendered":"<p>Naj\u010dastej\u0161ie ot\u00e1zky a odpovede Naj\u010dastej\u0161ie ot\u00e1zky Pr\u00edstup do syst\u00e9mu Ako sa prihl\u00e1sim do syst\u00e9mu Commander Control Car v mobilnej aplik\u00e1cii? Do syst\u00e9mu Commander Control Car sa m\u00f4\u017eete prihl\u00e1si\u0165 aj prostredn\u00edctvom mobilnej aplik\u00e1cie, ktor\u00fa si stiahnete pre iOS aj pre Android. Prihlasovacie \u00fadaje do aplik\u00e1cie s\u00fa rovnak\u00e9 ako pri prihlasovan\u00ed cez webov\u00fa str\u00e1nku. Viac o&nbsp;mobilnej aplik\u00e1cii &hellip; <a href=\"https:\/\/shop.commander.sk\/cz\/najcastejsie-otazky-a-odpovede\/\" class=\"more-link\">Continue reading <span class=\"screen-reader-text\">FAQ<\/span><\/a><\/p>","protected":false},"author":1,"featured_media":2140,"parent":0,"menu_order":0,"comment_status":"closed","ping_status":"closed","template":"","meta":{"_links_to":"","_links_to_target":""},"acf":[],"yoast_head":"<!-- This site is optimized with the Yoast SEO plugin v18.4.1 - https:\/\/yoast.com\/wordpress\/plugins\/seo\/ -->\n<title>Naj\u010dastej\u0161ie ot\u00e1zky a odpovede - Commander Services<\/title>\n<meta name=\"description\" content=\"Sme tu pre svojich klientov a ich spokojnos\u0165 kladieme na prv\u00e9 miesto. Preto sme zozbierali Va\u0161e naj\u010dastej\u0161ie ot\u00e1zky a odpovede.\" \/>\n<meta name=\"robots\" content=\"index, follow, max-snippet:-1, max-image-preview:large, max-video-preview:-1\" \/>\n<link rel=\"canonical\" href=\"https:\/\/shop.commander.sk\/cz\/najcastejsie-otazky-a-odpovede\/\" \/>\n<meta property=\"og:locale\" content=\"cs_CZ\" \/>\n<meta property=\"og:type\" content=\"article\" \/>\n<meta property=\"og:title\" content=\"Naj\u010dastej\u0161ie ot\u00e1zky a odpovede - Commander Services\" \/>\n<meta property=\"og:description\" content=\"Sme tu pre svojich klientov a ich spokojnos\u0165 kladieme na prv\u00e9 miesto. Preto sme zozbierali Va\u0161e naj\u010dastej\u0161ie ot\u00e1zky a odpovede.\" \/>\n<meta property=\"og:url\" content=\"https:\/\/shop.commander.sk\/cz\/najcastejsie-otazky-a-odpovede\/\" \/>\n<meta property=\"og:site_name\" content=\"Commander Services\" \/>\n<meta property=\"article:modified_time\" content=\"2023-12-14T06:27:26+00:00\" \/>\n<meta property=\"og:image\" content=\"https:\/\/shop.commander.sk\/wp-content\/uploads\/2020\/10\/commander_icon.png\" \/>\n\t<meta property=\"og:image:width\" content=\"200\" \/>\n\t<meta property=\"og:image:height\" content=\"200\" \/>\n\t<meta property=\"og:image:type\" content=\"image\/png\" \/>\n<meta name=\"twitter:card\" content=\"summary_large_image\" \/>\n<meta name=\"twitter:label1\" content=\"Odhadovan\u00e1 doba \u010dten\u00ed\" \/>\n\t<meta name=\"twitter:data1\" content=\"1 minuta\" \/>\n<script type=\"application\/ld+json\" class=\"yoast-schema-graph\">{\"@context\":\"https:\/\/schema.org\",\"@graph\":[{\"@type\":\"WebSite\",\"@id\":\"https:\/\/shop.commander.sk\/#website\",\"url\":\"https:\/\/shop.commander.sk\/\",\"name\":\"Commander Services\",\"description\":\"\",\"potentialAction\":[{\"@type\":\"SearchAction\",\"target\":{\"@type\":\"EntryPoint\",\"urlTemplate\":\"https:\/\/shop.commander.sk\/?s={search_term_string}\"},\"query-input\":\"required name=search_term_string\"}],\"inLanguage\":\"cs\"},{\"@type\":\"ImageObject\",\"@id\":\"https:\/\/shop.commander.sk\/najcastejsie-otazky-a-odpovede\/#primaryimage\",\"inLanguage\":\"cs\",\"url\":\"https:\/\/shop.commander.sk\/wp-content\/uploads\/2020\/10\/commander_icon.png\",\"contentUrl\":\"https:\/\/shop.commander.sk\/wp-content\/uploads\/2020\/10\/commander_icon.png\",\"width\":200,\"height\":200,\"caption\":\"commander icon\"},{\"@type\":\"WebPage\",\"@id\":\"https:\/\/shop.commander.sk\/najcastejsie-otazky-a-odpovede\/#webpage\",\"url\":\"https:\/\/shop.commander.sk\/najcastejsie-otazky-a-odpovede\/\",\"name\":\"Naj\u010dastej\u0161ie ot\u00e1zky a odpovede - Commander Services\",\"isPartOf\":{\"@id\":\"https:\/\/shop.commander.sk\/#website\"},\"primaryImageOfPage\":{\"@id\":\"https:\/\/shop.commander.sk\/najcastejsie-otazky-a-odpovede\/#primaryimage\"},\"datePublished\":\"2020-06-05T02:02:13+00:00\",\"dateModified\":\"2023-12-14T06:27:26+00:00\",\"description\":\"Sme tu pre svojich klientov a ich spokojnos\u0165 kladieme na prv\u00e9 miesto. Preto sme zozbierali Va\u0161e naj\u010dastej\u0161ie ot\u00e1zky a odpovede.\",\"breadcrumb\":{\"@id\":\"https:\/\/shop.commander.sk\/najcastejsie-otazky-a-odpovede\/#breadcrumb\"},\"inLanguage\":\"cs\",\"potentialAction\":[{\"@type\":\"ReadAction\",\"target\":[\"https:\/\/shop.commander.sk\/najcastejsie-otazky-a-odpovede\/\"]}]},{\"@type\":\"BreadcrumbList\",\"@id\":\"https:\/\/shop.commander.sk\/najcastejsie-otazky-a-odpovede\/#breadcrumb\",\"itemListElement\":[{\"@type\":\"ListItem\",\"position\":1,\"name\":\"Dom\u016f\",\"item\":\"https:\/\/shop.commander.sk\/\"},{\"@type\":\"ListItem\",\"position\":2,\"name\":\"FAQ\"}]}]}<\/script>\n<!-- \/ Yoast SEO plugin. -->","yoast_head_json":{"title":"Naj\u010dastej\u0161ie ot\u00e1zky a odpovede - Commander Services","description":"Sme tu pre svojich klientov a ich spokojnos\u0165 kladieme na prv\u00e9 miesto. Preto sme zozbierali Va\u0161e naj\u010dastej\u0161ie ot\u00e1zky a odpovede.","robots":{"index":"index","follow":"follow","max-snippet":"max-snippet:-1","max-image-preview":"max-image-preview:large","max-video-preview":"max-video-preview:-1"},"canonical":"https:\/\/shop.commander.sk\/cz\/najcastejsie-otazky-a-odpovede\/","og_locale":"cs_CZ","og_type":"article","og_title":"Naj\u010dastej\u0161ie ot\u00e1zky a odpovede - Commander Services","og_description":"Sme tu pre svojich klientov a ich spokojnos\u0165 kladieme na prv\u00e9 miesto. Preto sme zozbierali Va\u0161e naj\u010dastej\u0161ie ot\u00e1zky a odpovede.","og_url":"https:\/\/shop.commander.sk\/cz\/najcastejsie-otazky-a-odpovede\/","og_site_name":"Commander Services","article_modified_time":"2023-12-14T06:27:26+00:00","og_image":[{"width":200,"height":200,"url":"https:\/\/shop.commander.sk\/wp-content\/uploads\/2020\/10\/commander_icon.png","type":"image\/png"}],"twitter_card":"summary_large_image","twitter_misc":{"Odhadovan\u00e1 doba \u010dten\u00ed":"1 minuta"},"schema":{"@context":"https:\/\/schema.org","@graph":[{"@type":"WebSite","@id":"https:\/\/shop.commander.sk\/#website","url":"https:\/\/shop.commander.sk\/","name":"Commander Services","description":"","potentialAction":[{"@type":"SearchAction","target":{"@type":"EntryPoint","urlTemplate":"https:\/\/shop.commander.sk\/?s={search_term_string}"},"query-input":"required name=search_term_string"}],"inLanguage":"cs"},{"@type":"ImageObject","@id":"https:\/\/shop.commander.sk\/najcastejsie-otazky-a-odpovede\/#primaryimage","inLanguage":"cs","url":"https:\/\/shop.commander.sk\/wp-content\/uploads\/2020\/10\/commander_icon.png","contentUrl":"https:\/\/shop.commander.sk\/wp-content\/uploads\/2020\/10\/commander_icon.png","width":200,"height":200,"caption":"commander icon"},{"@type":"WebPage","@id":"https:\/\/shop.commander.sk\/najcastejsie-otazky-a-odpovede\/#webpage","url":"https:\/\/shop.commander.sk\/najcastejsie-otazky-a-odpovede\/","name":"Naj\u010dastej\u0161ie ot\u00e1zky a odpovede - Commander Services","isPartOf":{"@id":"https:\/\/shop.commander.sk\/#website"},"primaryImageOfPage":{"@id":"https:\/\/shop.commander.sk\/najcastejsie-otazky-a-odpovede\/#primaryimage"},"datePublished":"2020-06-05T02:02:13+00:00","dateModified":"2023-12-14T06:27:26+00:00","description":"Sme tu pre svojich klientov a ich spokojnos\u0165 kladieme na prv\u00e9 miesto. Preto sme zozbierali Va\u0161e naj\u010dastej\u0161ie ot\u00e1zky a odpovede.","breadcrumb":{"@id":"https:\/\/shop.commander.sk\/najcastejsie-otazky-a-odpovede\/#breadcrumb"},"inLanguage":"cs","potentialAction":[{"@type":"ReadAction","target":["https:\/\/shop.commander.sk\/najcastejsie-otazky-a-odpovede\/"]}]},{"@type":"BreadcrumbList","@id":"https:\/\/shop.commander.sk\/najcastejsie-otazky-a-odpovede\/#breadcrumb","itemListElement":[{"@type":"ListItem","position":1,"name":"Dom\u016f","item":"https:\/\/shop.commander.sk\/"},{"@type":"ListItem","position":2,"name":"FAQ"}]}]}},"_links":{"self":[{"href":"https:\/\/shop.commander.sk\/cz\/wp-json\/wp\/v2\/pages\/603"}],"collection":[{"href":"https:\/\/shop.commander.sk\/cz\/wp-json\/wp\/v2\/pages"}],"about":[{"href":"https:\/\/shop.commander.sk\/cz\/wp-json\/wp\/v2\/types\/page"}],"author":[{"embeddable":true,"href":"https:\/\/shop.commander.sk\/cz\/wp-json\/wp\/v2\/users\/1"}],"replies":[{"embeddable":true,"href":"https:\/\/shop.commander.sk\/cz\/wp-json\/wp\/v2\/comments?post=603"}],"version-history":[{"count":0,"href":"https:\/\/shop.commander.sk\/cz\/wp-json\/wp\/v2\/pages\/603\/revisions"}],"wp:featuredmedia":[{"embeddable":true,"href":"https:\/\/shop.commander.sk\/cz\/wp-json\/wp\/v2\/media\/2140"}],"wp:attachment":[{"href":"https:\/\/shop.commander.sk\/cz\/wp-json\/wp\/v2\/media?parent=603"}],"curies":[{"name":"wp","href":"https:\/\/api.w.org\/{rel}","templated":true}]}}