{"id":637,"date":"2020-06-05T09:05:58","date_gmt":"2020-06-05T02:05:58","guid":{"rendered":"https:\/\/elementor.thembay.com\/diza\/?page_id=637"},"modified":"2023-12-14T07:28:14","modified_gmt":"2023-12-14T06:28:14","slug":"sledovanie-objednavky","status":"publish","type":"page","link":"https:\/\/shop.commander.sk\/cz\/sledovanie-objednavky\/","title":{"rendered":"Sledov\u00e1n\u00ed objedn\u00e1vky"},"content":{"rendered":"<div data-elementor-type=\"wp-page\" data-elementor-id=\"637\" class=\"elementor elementor-637\" data-elementor-settings=\"[]\">\n\t\t\t\t\t\t<div class=\"elementor-inner\">\n\t\t\t\t\t\t\t<div class=\"elementor-section-wrap\">\n\t\t\t\t\t\t\t<section class=\"elementor-section elementor-top-section elementor-element elementor-element-1450669a elementor-section-boxed elementor-section-height-default elementor-section-height-default\" data-id=\"1450669a\" data-element_type=\"section\">\n\t\t\t\t\t\t<div class=\"elementor-container elementor-column-gap-default\">\n\t\t\t\t\t\t\t<div class=\"elementor-row\">\n\t\t\t\t\t<div class=\"elementor-column elementor-col-100 elementor-top-column elementor-element elementor-element-24a82ab1\" data-id=\"24a82ab1\" data-element_type=\"column\">\n\t\t\t<div class=\"elementor-column-wrap elementor-element-populated\">\n\t\t\t\t\t\t\t<div class=\"elementor-widget-wrap\">\n\t\t\t\t\t\t<div class=\"elementor-element elementor-element-4815bcc8 elementor-widget elementor-widget-shortcode\" data-id=\"4815bcc8\" data-element_type=\"widget\" data-widget_type=\"shortcode.default\">\n\t\t\t\t<div class=\"elementor-widget-container\">\n\t\t\t\t\t<div class=\"elementor-shortcode\"><div class=\"woocommerce\"><\/div><\/div>\n\t\t\t\t<\/div>\n\t\t\t\t<\/div>\n\t\t\t\t\t\t<\/div>\n\t\t\t\t\t<\/div>\n\t\t<\/div>\n\t\t\t\t\t\t\t\t<\/div>\n\t\t\t\t\t<\/div>\n\t\t<\/section>\n\t\t\t\t\t\t<\/div>\n\t\t\t\t\t\t<\/div>\n\t\t\t\t\t<\/div>","protected":false},"excerpt":{"rendered":"","protected":false},"author":1,"featured_media":2643,"parent":0,"menu_order":0,"comment_status":"closed","ping_status":"closed","template":"","meta":{"_links_to":"","_links_to_target":""},"acf":[],"yoast_head":"<!-- This site is optimized with the Yoast SEO plugin v18.4.1 - https:\/\/yoast.com\/wordpress\/plugins\/seo\/ -->\n<title>Sledovanie objedn\u00e1vky - Commander Services<\/title>\n<meta name=\"description\" content=\"Na tejto str\u00e1nke m\u00f4\u017eete kedyko\u013evek kontrolova\u0165 stav va\u0161ej objedn\u00e1vky. Pre jej sledovanie, zadajte jej \u010d\u00edslo a kliknite na tla\u010didlo \u201eSledova\u0165\u201c.\" \/>\n<meta name=\"robots\" content=\"index, follow, max-snippet:-1, max-image-preview:large, max-video-preview:-1\" \/>\n<link rel=\"canonical\" href=\"https:\/\/shop.commander.sk\/cz\/sledovanie-objednavky\/\" \/>\n<meta property=\"og:locale\" content=\"cs_CZ\" \/>\n<meta property=\"og:type\" content=\"article\" \/>\n<meta property=\"og:title\" content=\"Sledovanie objedn\u00e1vky - Commander Services\" \/>\n<meta property=\"og:description\" content=\"Na tejto str\u00e1nke m\u00f4\u017eete kedyko\u013evek kontrolova\u0165 stav va\u0161ej objedn\u00e1vky. Pre jej sledovanie, zadajte jej \u010d\u00edslo a kliknite na tla\u010didlo \u201eSledova\u0165\u201c.\" \/>\n<meta property=\"og:url\" content=\"https:\/\/shop.commander.sk\/cz\/sledovanie-objednavky\/\" \/>\n<meta property=\"og:site_name\" content=\"Commander Services\" \/>\n<meta property=\"article:modified_time\" content=\"2023-12-14T06:28:14+00:00\" \/>\n<meta property=\"og:image\" content=\"https:\/\/shop.commander.sk\/wp-content\/uploads\/2020\/12\/commander_icon.png\" \/>\n\t<meta property=\"og:image:width\" content=\"96\" \/>\n\t<meta property=\"og:image:height\" content=\"96\" \/>\n\t<meta property=\"og:image:type\" content=\"image\/png\" \/>\n<meta name=\"twitter:card\" content=\"summary_large_image\" \/>\n<meta name=\"twitter:label1\" content=\"Odhadovan\u00e1 doba \u010dten\u00ed\" \/>\n\t<meta name=\"twitter:data1\" content=\"1 minuta\" \/>\n<script type=\"application\/ld+json\" class=\"yoast-schema-graph\">{\"@context\":\"https:\/\/schema.org\",\"@graph\":[{\"@type\":\"WebSite\",\"@id\":\"https:\/\/shop.commander.sk\/#website\",\"url\":\"https:\/\/shop.commander.sk\/\",\"name\":\"Commander Services\",\"description\":\"\",\"potentialAction\":[{\"@type\":\"SearchAction\",\"target\":{\"@type\":\"EntryPoint\",\"urlTemplate\":\"https:\/\/shop.commander.sk\/?s={search_term_string}\"},\"query-input\":\"required name=search_term_string\"}],\"inLanguage\":\"cs\"},{\"@type\":\"ImageObject\",\"@id\":\"https:\/\/shop.commander.sk\/sledovanie-objednavky\/#primaryimage\",\"inLanguage\":\"cs\",\"url\":\"https:\/\/shop.commander.sk\/wp-content\/uploads\/2020\/12\/commander_icon.png\",\"contentUrl\":\"https:\/\/shop.commander.sk\/wp-content\/uploads\/2020\/12\/commander_icon.png\",\"width\":96,\"height\":96,\"caption\":\"Commander icona\"},{\"@type\":\"WebPage\",\"@id\":\"https:\/\/shop.commander.sk\/sledovanie-objednavky\/#webpage\",\"url\":\"https:\/\/shop.commander.sk\/sledovanie-objednavky\/\",\"name\":\"Sledovanie objedn\u00e1vky - Commander Services\",\"isPartOf\":{\"@id\":\"https:\/\/shop.commander.sk\/#website\"},\"primaryImageOfPage\":{\"@id\":\"https:\/\/shop.commander.sk\/sledovanie-objednavky\/#primaryimage\"},\"datePublished\":\"2020-06-05T02:05:58+00:00\",\"dateModified\":\"2023-12-14T06:28:14+00:00\",\"description\":\"Na tejto str\u00e1nke m\u00f4\u017eete kedyko\u013evek kontrolova\u0165 stav va\u0161ej objedn\u00e1vky. Pre jej sledovanie, zadajte jej \u010d\u00edslo a kliknite na tla\u010didlo \u201eSledova\u0165\u201c.\",\"breadcrumb\":{\"@id\":\"https:\/\/shop.commander.sk\/sledovanie-objednavky\/#breadcrumb\"},\"inLanguage\":\"cs\",\"potentialAction\":[{\"@type\":\"ReadAction\",\"target\":[\"https:\/\/shop.commander.sk\/sledovanie-objednavky\/\"]}]},{\"@type\":\"BreadcrumbList\",\"@id\":\"https:\/\/shop.commander.sk\/sledovanie-objednavky\/#breadcrumb\",\"itemListElement\":[{\"@type\":\"ListItem\",\"position\":1,\"name\":\"Dom\u016f\",\"item\":\"https:\/\/shop.commander.sk\/\"},{\"@type\":\"ListItem\",\"position\":2,\"name\":\"Sledovanie objedn\u00e1vky\"}]}]}<\/script>\n<!-- \/ Yoast SEO plugin. -->","yoast_head_json":{"title":"Sledovanie objedn\u00e1vky - Commander Services","description":"Na tejto str\u00e1nke m\u00f4\u017eete kedyko\u013evek kontrolova\u0165 stav va\u0161ej objedn\u00e1vky. Pre jej sledovanie, zadajte jej \u010d\u00edslo a kliknite na tla\u010didlo \u201eSledova\u0165\u201c.","robots":{"index":"index","follow":"follow","max-snippet":"max-snippet:-1","max-image-preview":"max-image-preview:large","max-video-preview":"max-video-preview:-1"},"canonical":"https:\/\/shop.commander.sk\/cz\/sledovanie-objednavky\/","og_locale":"cs_CZ","og_type":"article","og_title":"Sledovanie objedn\u00e1vky - Commander Services","og_description":"Na tejto str\u00e1nke m\u00f4\u017eete kedyko\u013evek kontrolova\u0165 stav va\u0161ej objedn\u00e1vky. Pre jej sledovanie, zadajte jej \u010d\u00edslo a kliknite na tla\u010didlo \u201eSledova\u0165\u201c.","og_url":"https:\/\/shop.commander.sk\/cz\/sledovanie-objednavky\/","og_site_name":"Commander Services","article_modified_time":"2023-12-14T06:28:14+00:00","og_image":[{"width":96,"height":96,"url":"https:\/\/shop.commander.sk\/wp-content\/uploads\/2020\/12\/commander_icon.png","type":"image\/png"}],"twitter_card":"summary_large_image","twitter_misc":{"Odhadovan\u00e1 doba \u010dten\u00ed":"1 minuta"},"schema":{"@context":"https:\/\/schema.org","@graph":[{"@type":"WebSite","@id":"https:\/\/shop.commander.sk\/#website","url":"https:\/\/shop.commander.sk\/","name":"Commander Services","description":"","potentialAction":[{"@type":"SearchAction","target":{"@type":"EntryPoint","urlTemplate":"https:\/\/shop.commander.sk\/?s={search_term_string}"},"query-input":"required name=search_term_string"}],"inLanguage":"cs"},{"@type":"ImageObject","@id":"https:\/\/shop.commander.sk\/sledovanie-objednavky\/#primaryimage","inLanguage":"cs","url":"https:\/\/shop.commander.sk\/wp-content\/uploads\/2020\/12\/commander_icon.png","contentUrl":"https:\/\/shop.commander.sk\/wp-content\/uploads\/2020\/12\/commander_icon.png","width":96,"height":96,"caption":"Commander icona"},{"@type":"WebPage","@id":"https:\/\/shop.commander.sk\/sledovanie-objednavky\/#webpage","url":"https:\/\/shop.commander.sk\/sledovanie-objednavky\/","name":"Sledovanie objedn\u00e1vky - Commander Services","isPartOf":{"@id":"https:\/\/shop.commander.sk\/#website"},"primaryImageOfPage":{"@id":"https:\/\/shop.commander.sk\/sledovanie-objednavky\/#primaryimage"},"datePublished":"2020-06-05T02:05:58+00:00","dateModified":"2023-12-14T06:28:14+00:00","description":"Na tejto str\u00e1nke m\u00f4\u017eete kedyko\u013evek kontrolova\u0165 stav va\u0161ej objedn\u00e1vky. Pre jej sledovanie, zadajte jej \u010d\u00edslo a kliknite na tla\u010didlo \u201eSledova\u0165\u201c.","breadcrumb":{"@id":"https:\/\/shop.commander.sk\/sledovanie-objednavky\/#breadcrumb"},"inLanguage":"cs","potentialAction":[{"@type":"ReadAction","target":["https:\/\/shop.commander.sk\/sledovanie-objednavky\/"]}]},{"@type":"BreadcrumbList","@id":"https:\/\/shop.commander.sk\/sledovanie-objednavky\/#breadcrumb","itemListElement":[{"@type":"ListItem","position":1,"name":"Dom\u016f","item":"https:\/\/shop.commander.sk\/"},{"@type":"ListItem","position":2,"name":"Sledovanie objedn\u00e1vky"}]}]}},"_links":{"self":[{"href":"https:\/\/shop.commander.sk\/cz\/wp-json\/wp\/v2\/pages\/637"}],"collection":[{"href":"https:\/\/shop.commander.sk\/cz\/wp-json\/wp\/v2\/pages"}],"about":[{"href":"https:\/\/shop.commander.sk\/cz\/wp-json\/wp\/v2\/types\/page"}],"author":[{"embeddable":true,"href":"https:\/\/shop.commander.sk\/cz\/wp-json\/wp\/v2\/users\/1"}],"replies":[{"embeddable":true,"href":"https:\/\/shop.commander.sk\/cz\/wp-json\/wp\/v2\/comments?post=637"}],"version-history":[{"count":0,"href":"https:\/\/shop.commander.sk\/cz\/wp-json\/wp\/v2\/pages\/637\/revisions"}],"wp:featuredmedia":[{"embeddable":true,"href":"https:\/\/shop.commander.sk\/cz\/wp-json\/wp\/v2\/media\/2643"}],"wp:attachment":[{"href":"https:\/\/shop.commander.sk\/cz\/wp-json\/wp\/v2\/media?parent=637"}],"curies":[{"name":"wp","href":"https:\/\/api.w.org\/{rel}","templated":true}]}}