{"id":2405,"date":"2021-03-04T17:50:51","date_gmt":"2021-03-04T16:50:51","guid":{"rendered":"https:\/\/shop.commander.sk\/?post_type=product&#038;p=2405"},"modified":"2025-01-14T15:43:05","modified_gmt":"2025-01-14T14:43:05","slug":"rocna-licencia-pre-gps-lokatory","status":"publish","type":"product","link":"https:\/\/shop.commander.sk\/cz\/produkt\/rocna-licencia-pre-gps-lokatory\/","title":{"rendered":"Ro\u010dn\u00ed licence pro GPS lok\u00e1tory"},"content":{"rendered":"<div data-elementor-type=\"wp-post\" data-elementor-id=\"2405\" class=\"elementor elementor-2405\" data-elementor-settings=\"[]\">\n\t\t\t\t\t\t<div class=\"elementor-inner\">\n\t\t\t\t\t\t\t<div class=\"elementor-section-wrap\">\n\t\t\t\t\t\t\t<section class=\"elementor-section elementor-top-section elementor-element elementor-element-b5c2fc1 elementor-section-boxed elementor-section-height-default elementor-section-height-default\" data-id=\"b5c2fc1\" data-element_type=\"section\">\n\t\t\t\t\t\t<div class=\"elementor-container elementor-column-gap-default\">\n\t\t\t\t\t\t\t<div class=\"elementor-row\">\n\t\t\t\t\t<div class=\"elementor-column elementor-col-100 elementor-top-column elementor-element elementor-element-78437ee\" data-id=\"78437ee\" data-element_type=\"column\">\n\t\t\t<div class=\"elementor-column-wrap elementor-element-populated\">\n\t\t\t\t\t\t\t<div class=\"elementor-widget-wrap\">\n\t\t\t\t\t\t<div class=\"elementor-element elementor-element-d8c5ec2 elementor-widget elementor-widget-text-editor\" data-id=\"d8c5ec2\" data-element_type=\"widget\" data-widget_type=\"text-editor.default\">\n\t\t\t\t<div class=\"elementor-widget-container\">\n\t\t\t\t\t\t\t\t<div class=\"elementor-text-editor elementor-clearfix\">\n\t\t\t\t\t<p><b>V\u0161echny licence obsahuj\u00ed<\/b><\/p>\n<ul>\n<li>datov\u00e1 SIM karta,<\/li>\n<li>p\u0159\u00edstup k aplikaci CMD,<\/li>\n<li>online informace z jednotky GPS,<\/li>\n<li>poplatek za mapy GOOGLE,<\/li>\n<li>Waypointy \u2013 alarm v p\u0159\u00edpad\u011b opu\u0161t\u011bn\u00ed vybran\u00e9 z\u00f3ny,<\/li>\n<li>\n<p>historie dat po dobu 2 let<\/p>\n<\/li>\n<\/ul>\n<p><b>Krom\u011b toho roz\u0161\u00ed\u0159en\u00e1 licence First Safe Mobil zahrnuje<\/b><\/p>\n<ul>\n<li>P\u0159edplacen\u00e9 50 min. vol\u00e1n\u00ed do v\u0161ech s\u00edt\u00ed za m\u011bs\u00edc<\/li>\n<\/ul>\t\t\t\t\t<\/div>\n\t\t\t\t\t\t<\/div>\n\t\t\t\t<\/div>\n\t\t\t\t\t\t<\/div>\n\t\t\t\t\t<\/div>\n\t\t<\/div>\n\t\t\t\t\t\t\t\t<\/div>\n\t\t\t\t\t<\/div>\n\t\t<\/section>\n\t\t\t\t\t\t<\/div>\n\t\t\t\t\t\t<\/div>\n\t\t\t\t\t<\/div>","protected":false},"excerpt":{"rendered":"<p>Prvn\u00ed rok slu\u017eby je zahrnut v cen\u011b gps lok\u00e1toru. Po prvn\u00edm roce provozu je nutn\u00e9 prodlou\u017eit platnost slu\u017eby (licence) o dal\u0161\u00ed rok. Po zakoupen\u00ed slu\u017eby pro konkr\u00e9tn\u00ed <strong>GPS lok\u00e1tor<\/strong> , budeme konfigurovat va\u0161e za\u0159\u00edzen\u00ed na p\u0159\u00ed\u0161t\u00edch 12 m\u011bs\u00edc\u016f.<\/p>","protected":false},"featured_media":2455,"comment_status":"open","ping_status":"closed","template":"redux-templates_full_width","meta":{"_links_to":"","_links_to_target":""},"product_cat":[38,126],"product_tag":[],"acf":[],"yoast_head":"<!-- This site is optimized with the Yoast SEO plugin v18.4.1 - https:\/\/yoast.com\/wordpress\/plugins\/seo\/ -->\n<title>Ro\u010dn\u00e1 licencia pre GPS lok\u00e1tory - Commander Services<\/title>\n<meta name=\"description\" content=\"Ro\u010dn\u00e1 licencia pre GPS lok\u00e1tory obsahuj\u00fa d\u00e1tov\u00fa sim kartu, pr\u00edstup do aplik\u00e1cie CMD, online inform\u00e1cie z GPS jednotky \u010di hist\u00f3riu d\u00e1t.\" \/>\n<meta name=\"robots\" content=\"index, follow, max-snippet:-1, max-image-preview:large, max-video-preview:-1\" \/>\n<link rel=\"canonical\" href=\"https:\/\/shop.commander.sk\/cz\/produkt\/rocna-licencia-pre-gps-lokatory\/\" \/>\n<meta property=\"og:locale\" content=\"cs_CZ\" \/>\n<meta property=\"og:type\" content=\"article\" \/>\n<meta property=\"og:title\" content=\"Ro\u010dn\u00e1 licencia pre GPS lok\u00e1tory - Commander Services\" \/>\n<meta property=\"og:description\" content=\"Ro\u010dn\u00e1 licencia pre GPS lok\u00e1tory obsahuj\u00fa d\u00e1tov\u00fa sim kartu, pr\u00edstup do aplik\u00e1cie CMD, online inform\u00e1cie z GPS jednotky \u010di hist\u00f3riu d\u00e1t.\" \/>\n<meta property=\"og:url\" content=\"https:\/\/shop.commander.sk\/cz\/produkt\/rocna-licencia-pre-gps-lokatory\/\" \/>\n<meta property=\"og:site_name\" content=\"Commander Services\" \/>\n<meta property=\"article:modified_time\" content=\"2025-01-14T14:43:05+00:00\" \/>\n<meta property=\"og:image\" content=\"https:\/\/shop.commander.sk\/wp-content\/uploads\/2020\/11\/commander_licencia.jpg\" \/>\n\t<meta property=\"og:image:width\" content=\"1200\" \/>\n\t<meta property=\"og:image:height\" content=\"1200\" \/>\n\t<meta property=\"og:image:type\" content=\"image\/jpeg\" \/>\n<meta name=\"twitter:card\" content=\"summary_large_image\" \/>\n<script type=\"application\/ld+json\" class=\"yoast-schema-graph\">{\"@context\":\"https:\/\/schema.org\",\"@graph\":[{\"@type\":\"WebSite\",\"@id\":\"https:\/\/shop.commander.sk\/#website\",\"url\":\"https:\/\/shop.commander.sk\/\",\"name\":\"Commander Services\",\"description\":\"\",\"potentialAction\":[{\"@type\":\"SearchAction\",\"target\":{\"@type\":\"EntryPoint\",\"urlTemplate\":\"https:\/\/shop.commander.sk\/?s={search_term_string}\"},\"query-input\":\"required name=search_term_string\"}],\"inLanguage\":\"cs\"},{\"@type\":\"ImageObject\",\"@id\":\"https:\/\/shop.commander.sk\/produkt\/rocna-licencia-pre-gps-lokatory\/#primaryimage\",\"inLanguage\":\"cs\",\"url\":\"https:\/\/shop.commander.sk\/wp-content\/uploads\/2020\/11\/commander_licencia.jpg\",\"contentUrl\":\"https:\/\/shop.commander.sk\/wp-content\/uploads\/2020\/11\/commander_licencia.jpg\",\"width\":1200,\"height\":1200,\"caption\":\"Commander - Licencia - mobiln\u00e1 aplik\u00e1cia\"},{\"@type\":\"WebPage\",\"@id\":\"https:\/\/shop.commander.sk\/produkt\/rocna-licencia-pre-gps-lokatory\/#webpage\",\"url\":\"https:\/\/shop.commander.sk\/produkt\/rocna-licencia-pre-gps-lokatory\/\",\"name\":\"Ro\u010dn\u00e1 licencia pre GPS lok\u00e1tory - Commander Services\",\"isPartOf\":{\"@id\":\"https:\/\/shop.commander.sk\/#website\"},\"primaryImageOfPage\":{\"@id\":\"https:\/\/shop.commander.sk\/produkt\/rocna-licencia-pre-gps-lokatory\/#primaryimage\"},\"datePublished\":\"2021-03-04T16:50:51+00:00\",\"dateModified\":\"2025-01-14T14:43:05+00:00\",\"description\":\"Ro\u010dn\u00e1 licencia pre GPS lok\u00e1tory obsahuj\u00fa d\u00e1tov\u00fa sim kartu, pr\u00edstup do aplik\u00e1cie CMD, online inform\u00e1cie z GPS jednotky \u010di hist\u00f3riu d\u00e1t.\",\"breadcrumb\":{\"@id\":\"https:\/\/shop.commander.sk\/produkt\/rocna-licencia-pre-gps-lokatory\/#breadcrumb\"},\"inLanguage\":\"cs\",\"potentialAction\":[{\"@type\":\"ReadAction\",\"target\":[\"https:\/\/shop.commander.sk\/produkt\/rocna-licencia-pre-gps-lokatory\/\"]}]},{\"@type\":\"BreadcrumbList\",\"@id\":\"https:\/\/shop.commander.sk\/produkt\/rocna-licencia-pre-gps-lokatory\/#breadcrumb\",\"itemListElement\":[{\"@type\":\"ListItem\",\"position\":1,\"name\":\"Dom\u016f\",\"item\":\"https:\/\/shop.commander.sk\/\"},{\"@type\":\"ListItem\",\"position\":2,\"name\":\"Obchod\",\"item\":\"https:\/\/shop.commander.sk\/commander-zabezpecenie-vozidiel\/\"},{\"@type\":\"ListItem\",\"position\":3,\"name\":\"Ro\u010dn\u00e1 licencia pre GPS lok\u00e1tory\"}]}]}<\/script>\n<!-- \/ Yoast SEO plugin. -->","yoast_head_json":{"title":"Ro\u010dn\u00e1 licencia pre GPS lok\u00e1tory - Commander Services","description":"Ro\u010dn\u00e1 licencia pre GPS lok\u00e1tory obsahuj\u00fa d\u00e1tov\u00fa sim kartu, pr\u00edstup do aplik\u00e1cie CMD, online inform\u00e1cie z GPS jednotky \u010di hist\u00f3riu d\u00e1t.","robots":{"index":"index","follow":"follow","max-snippet":"max-snippet:-1","max-image-preview":"max-image-preview:large","max-video-preview":"max-video-preview:-1"},"canonical":"https:\/\/shop.commander.sk\/cz\/produkt\/rocna-licencia-pre-gps-lokatory\/","og_locale":"cs_CZ","og_type":"article","og_title":"Ro\u010dn\u00e1 licencia pre GPS lok\u00e1tory - Commander Services","og_description":"Ro\u010dn\u00e1 licencia pre GPS lok\u00e1tory obsahuj\u00fa d\u00e1tov\u00fa sim kartu, pr\u00edstup do aplik\u00e1cie CMD, online inform\u00e1cie z GPS jednotky \u010di hist\u00f3riu d\u00e1t.","og_url":"https:\/\/shop.commander.sk\/cz\/produkt\/rocna-licencia-pre-gps-lokatory\/","og_site_name":"Commander Services","article_modified_time":"2025-01-14T14:43:05+00:00","og_image":[{"width":1200,"height":1200,"url":"https:\/\/shop.commander.sk\/wp-content\/uploads\/2020\/11\/commander_licencia.jpg","type":"image\/jpeg"}],"twitter_card":"summary_large_image","schema":{"@context":"https:\/\/schema.org","@graph":[{"@type":"WebSite","@id":"https:\/\/shop.commander.sk\/#website","url":"https:\/\/shop.commander.sk\/","name":"Commander Services","description":"","potentialAction":[{"@type":"SearchAction","target":{"@type":"EntryPoint","urlTemplate":"https:\/\/shop.commander.sk\/?s={search_term_string}"},"query-input":"required name=search_term_string"}],"inLanguage":"cs"},{"@type":"ImageObject","@id":"https:\/\/shop.commander.sk\/produkt\/rocna-licencia-pre-gps-lokatory\/#primaryimage","inLanguage":"cs","url":"https:\/\/shop.commander.sk\/wp-content\/uploads\/2020\/11\/commander_licencia.jpg","contentUrl":"https:\/\/shop.commander.sk\/wp-content\/uploads\/2020\/11\/commander_licencia.jpg","width":1200,"height":1200,"caption":"Commander - Licencia - mobiln\u00e1 aplik\u00e1cia"},{"@type":"WebPage","@id":"https:\/\/shop.commander.sk\/produkt\/rocna-licencia-pre-gps-lokatory\/#webpage","url":"https:\/\/shop.commander.sk\/produkt\/rocna-licencia-pre-gps-lokatory\/","name":"Ro\u010dn\u00e1 licencia pre GPS lok\u00e1tory - Commander Services","isPartOf":{"@id":"https:\/\/shop.commander.sk\/#website"},"primaryImageOfPage":{"@id":"https:\/\/shop.commander.sk\/produkt\/rocna-licencia-pre-gps-lokatory\/#primaryimage"},"datePublished":"2021-03-04T16:50:51+00:00","dateModified":"2025-01-14T14:43:05+00:00","description":"Ro\u010dn\u00e1 licencia pre GPS lok\u00e1tory obsahuj\u00fa d\u00e1tov\u00fa sim kartu, pr\u00edstup do aplik\u00e1cie CMD, online inform\u00e1cie z GPS jednotky \u010di hist\u00f3riu d\u00e1t.","breadcrumb":{"@id":"https:\/\/shop.commander.sk\/produkt\/rocna-licencia-pre-gps-lokatory\/#breadcrumb"},"inLanguage":"cs","potentialAction":[{"@type":"ReadAction","target":["https:\/\/shop.commander.sk\/produkt\/rocna-licencia-pre-gps-lokatory\/"]}]},{"@type":"BreadcrumbList","@id":"https:\/\/shop.commander.sk\/produkt\/rocna-licencia-pre-gps-lokatory\/#breadcrumb","itemListElement":[{"@type":"ListItem","position":1,"name":"Dom\u016f","item":"https:\/\/shop.commander.sk\/"},{"@type":"ListItem","position":2,"name":"Obchod","item":"https:\/\/shop.commander.sk\/commander-zabezpecenie-vozidiel\/"},{"@type":"ListItem","position":3,"name":"Ro\u010dn\u00e1 licencia pre GPS lok\u00e1tory"}]}]}},"_links":{"self":[{"href":"https:\/\/shop.commander.sk\/cz\/wp-json\/wp\/v2\/product\/2405"}],"collection":[{"href":"https:\/\/shop.commander.sk\/cz\/wp-json\/wp\/v2\/product"}],"about":[{"href":"https:\/\/shop.commander.sk\/cz\/wp-json\/wp\/v2\/types\/product"}],"replies":[{"embeddable":true,"href":"https:\/\/shop.commander.sk\/cz\/wp-json\/wp\/v2\/comments?post=2405"}],"version-history":[{"count":1,"href":"https:\/\/shop.commander.sk\/cz\/wp-json\/wp\/v2\/product\/2405\/revisions"}],"predecessor-version":[{"id":6321,"href":"https:\/\/shop.commander.sk\/cz\/wp-json\/wp\/v2\/product\/2405\/revisions\/6321"}],"wp:featuredmedia":[{"embeddable":true,"href":"https:\/\/shop.commander.sk\/cz\/wp-json\/wp\/v2\/media\/2455"}],"wp:attachment":[{"href":"https:\/\/shop.commander.sk\/cz\/wp-json\/wp\/v2\/media?parent=2405"}],"wp:term":[{"taxonomy":"product_cat","embeddable":true,"href":"https:\/\/shop.commander.sk\/cz\/wp-json\/wp\/v2\/product_cat?post=2405"},{"taxonomy":"product_tag","embeddable":true,"href":"https:\/\/shop.commander.sk\/cz\/wp-json\/wp\/v2\/product_tag?post=2405"}],"curies":[{"name":"wp","href":"https:\/\/api.w.org\/{rel}","templated":true}]}}