{"id":5350,"date":"2021-09-13T12:06:16","date_gmt":"2021-09-13T10:06:16","guid":{"rendered":"https:\/\/shop.commander.sk\/?post_type=product&#038;p=5350"},"modified":"2024-01-22T14:05:56","modified_gmt":"2024-01-22T13:05:56","slug":"milacik-monitor-testovaci-produkt-gps-lokator-pre-seniorov-deti","status":"publish","type":"product","link":"https:\/\/shop.commander.sk\/cz\/produkt\/milacik-monitor-testovaci-produkt-gps-lokator-pre-seniorov-deti\/","title":{"rendered":"Mil\u00e1\u010dik monitor \u2013 testovac\u00ed produkt GPS lok\u00e1tor pre seniorov\/deti"},"content":{"rendered":"","protected":true},"excerpt":{"rendered":"","protected":true},"featured_media":2560,"comment_status":"open","ping_status":"closed","template":"redux-templates_full_width","meta":{"_links_to":"","_links_to_target":""},"product_cat":[156],"product_tag":[],"acf":[],"yoast_head":"<!-- This site is optimized with the Yoast SEO plugin v18.4.1 - https:\/\/yoast.com\/wordpress\/plugins\/seo\/ -->\n<title>Mil\u00e1\u010dik monitor \u2013 testovac\u00ed produkt GPS lok\u00e1tor pre seniorov\/deti - Commander Services<\/title>\n<meta name=\"description\" content=\"Mil\u00e1\u010dik monitor \u2013 GPS lok\u00e1tor pre seniorov\/deti je praktick\u00fd pomocn\u00edk na lokalizovanie polohy va\u0161ich najbli\u017e\u0161\u00edch.\" \/>\n<meta name=\"robots\" content=\"index, follow, max-snippet:-1, max-image-preview:large, max-video-preview:-1\" \/>\n<link rel=\"canonical\" href=\"https:\/\/shop.commander.sk\/cz\/produkt\/milacik-monitor-testovaci-produkt-gps-lokator-pre-seniorov-deti\/\" \/>\n<meta property=\"og:locale\" content=\"cs_CZ\" \/>\n<meta property=\"og:type\" content=\"article\" \/>\n<meta property=\"og:title\" content=\"Mil\u00e1\u010dik monitor \u2013 testovac\u00ed produkt GPS lok\u00e1tor pre seniorov\/deti - Commander Services\" \/>\n<meta property=\"og:description\" content=\"Mil\u00e1\u010dik monitor \u2013 GPS lok\u00e1tor pre seniorov\/deti je praktick\u00fd pomocn\u00edk na lokalizovanie polohy va\u0161ich najbli\u017e\u0161\u00edch.\" \/>\n<meta property=\"og:url\" content=\"https:\/\/shop.commander.sk\/cz\/produkt\/milacik-monitor-testovaci-produkt-gps-lokator-pre-seniorov-deti\/\" \/>\n<meta property=\"og:site_name\" content=\"Commander Services\" \/>\n<meta property=\"article:modified_time\" content=\"2024-01-22T13:05:56+00:00\" \/>\n<meta name=\"twitter:card\" content=\"summary_large_image\" \/>\n<meta name=\"twitter:label1\" content=\"Odhadovan\u00e1 doba \u010dten\u00ed\" \/>\n\t<meta name=\"twitter:data1\" content=\"8 minut\" \/>\n<script type=\"application\/ld+json\" class=\"yoast-schema-graph\">{\"@context\":\"https:\/\/schema.org\",\"@graph\":[{\"@type\":\"WebSite\",\"@id\":\"https:\/\/shop.commander.sk\/#website\",\"url\":\"https:\/\/shop.commander.sk\/\",\"name\":\"Commander Services\",\"description\":\"\",\"potentialAction\":[{\"@type\":\"SearchAction\",\"target\":{\"@type\":\"EntryPoint\",\"urlTemplate\":\"https:\/\/shop.commander.sk\/?s={search_term_string}\"},\"query-input\":\"required name=search_term_string\"}],\"inLanguage\":\"cs\"},{\"@type\":\"WebPage\",\"@id\":\"https:\/\/shop.commander.sk\/produkt\/milacik-monitor-testovaci-produkt-gps-lokator-pre-seniorov-deti\/#webpage\",\"url\":\"https:\/\/shop.commander.sk\/produkt\/milacik-monitor-testovaci-produkt-gps-lokator-pre-seniorov-deti\/\",\"name\":\"Mil\u00e1\u010dik monitor \u2013 testovac\u00ed produkt GPS lok\u00e1tor pre seniorov\/deti - Commander Services\",\"isPartOf\":{\"@id\":\"https:\/\/shop.commander.sk\/#website\"},\"datePublished\":\"2021-09-13T10:06:16+00:00\",\"dateModified\":\"2024-01-22T13:05:56+00:00\",\"breadcrumb\":{\"@id\":\"https:\/\/shop.commander.sk\/produkt\/milacik-monitor-testovaci-produkt-gps-lokator-pre-seniorov-deti\/#breadcrumb\"},\"inLanguage\":\"cs\"}]}<\/script>\n<!-- \/ Yoast SEO plugin. -->","yoast_head_json":{"title":"Mil\u00e1\u010dik monitor \u2013 testovac\u00ed produkt GPS lok\u00e1tor pre seniorov\/deti - Commander Services","description":"Mil\u00e1\u010dik monitor \u2013 GPS lok\u00e1tor pre seniorov\/deti je praktick\u00fd pomocn\u00edk na lokalizovanie polohy va\u0161ich najbli\u017e\u0161\u00edch.","robots":{"index":"index","follow":"follow","max-snippet":"max-snippet:-1","max-image-preview":"max-image-preview:large","max-video-preview":"max-video-preview:-1"},"canonical":"https:\/\/shop.commander.sk\/cz\/produkt\/milacik-monitor-testovaci-produkt-gps-lokator-pre-seniorov-deti\/","og_locale":"cs_CZ","og_type":"article","og_title":"Mil\u00e1\u010dik monitor \u2013 testovac\u00ed produkt GPS lok\u00e1tor pre seniorov\/deti - Commander Services","og_description":"Mil\u00e1\u010dik monitor \u2013 GPS lok\u00e1tor pre seniorov\/deti je praktick\u00fd pomocn\u00edk na lokalizovanie polohy va\u0161ich najbli\u017e\u0161\u00edch.","og_url":"https:\/\/shop.commander.sk\/cz\/produkt\/milacik-monitor-testovaci-produkt-gps-lokator-pre-seniorov-deti\/","og_site_name":"Commander Services","article_modified_time":"2024-01-22T13:05:56+00:00","twitter_card":"summary_large_image","twitter_misc":{"Odhadovan\u00e1 doba \u010dten\u00ed":"8 minut"},"schema":{"@context":"https:\/\/schema.org","@graph":[{"@type":"WebSite","@id":"https:\/\/shop.commander.sk\/#website","url":"https:\/\/shop.commander.sk\/","name":"Commander Services","description":"","potentialAction":[{"@type":"SearchAction","target":{"@type":"EntryPoint","urlTemplate":"https:\/\/shop.commander.sk\/?s={search_term_string}"},"query-input":"required name=search_term_string"}],"inLanguage":"cs"},{"@type":"WebPage","@id":"https:\/\/shop.commander.sk\/produkt\/milacik-monitor-testovaci-produkt-gps-lokator-pre-seniorov-deti\/#webpage","url":"https:\/\/shop.commander.sk\/produkt\/milacik-monitor-testovaci-produkt-gps-lokator-pre-seniorov-deti\/","name":"Mil\u00e1\u010dik monitor \u2013 testovac\u00ed produkt GPS lok\u00e1tor pre seniorov\/deti - Commander Services","isPartOf":{"@id":"https:\/\/shop.commander.sk\/#website"},"datePublished":"2021-09-13T10:06:16+00:00","dateModified":"2024-01-22T13:05:56+00:00","breadcrumb":{"@id":"https:\/\/shop.commander.sk\/produkt\/milacik-monitor-testovaci-produkt-gps-lokator-pre-seniorov-deti\/#breadcrumb"},"inLanguage":"cs"}]}},"_links":{"self":[{"href":"https:\/\/shop.commander.sk\/cz\/wp-json\/wp\/v2\/product\/5350"}],"collection":[{"href":"https:\/\/shop.commander.sk\/cz\/wp-json\/wp\/v2\/product"}],"about":[{"href":"https:\/\/shop.commander.sk\/cz\/wp-json\/wp\/v2\/types\/product"}],"replies":[{"embeddable":true,"href":"https:\/\/shop.commander.sk\/cz\/wp-json\/wp\/v2\/comments?post=5350"}],"version-history":[{"count":0,"href":"https:\/\/shop.commander.sk\/cz\/wp-json\/wp\/v2\/product\/5350\/revisions"}],"wp:featuredmedia":[{"embeddable":true,"href":"https:\/\/shop.commander.sk\/cz\/wp-json\/wp\/v2\/media\/2560"}],"wp:attachment":[{"href":"https:\/\/shop.commander.sk\/cz\/wp-json\/wp\/v2\/media?parent=5350"}],"wp:term":[{"taxonomy":"product_cat","embeddable":true,"href":"https:\/\/shop.commander.sk\/cz\/wp-json\/wp\/v2\/product_cat?post=5350"},{"taxonomy":"product_tag","embeddable":true,"href":"https:\/\/shop.commander.sk\/cz\/wp-json\/wp\/v2\/product_tag?post=5350"}],"curies":[{"name":"wp","href":"https:\/\/api.w.org\/{rel}","templated":true}]}}