{"id":5372,"date":"2021-09-13T14:34:01","date_gmt":"2021-09-13T12:34:01","guid":{"rendered":"https:\/\/shop.commander.sk\/?post_type=product&#038;p=5372"},"modified":"2022-03-29T12:50:39","modified_gmt":"2022-03-29T10:50:39","slug":"first-safe-mobil-testovaci-produkt-gps-lokator-osob-s-volanim","status":"publish","type":"product","link":"https:\/\/shop.commander.sk\/cz\/produkt\/first-safe-mobil-testovaci-produkt-gps-lokator-osob-s-volanim\/","title":{"rendered":"First safe mobil \u2013  testovac\u00ed produkt GPS lok\u00e1tor os\u00f4b s volan\u00edm"},"content":{"rendered":"","protected":true},"excerpt":{"rendered":"","protected":true},"featured_media":2564,"comment_status":"open","ping_status":"closed","template":"","meta":{"_links_to":"","_links_to_target":""},"product_cat":[156],"product_tag":[],"acf":[],"yoast_head":"<!-- This site is optimized with the Yoast SEO plugin v18.4.1 - https:\/\/yoast.com\/wordpress\/plugins\/seo\/ -->\n<title>First safe mobil \u2013 testovac\u00ed produkt GPS lok\u00e1tor os\u00f4b s volan\u00edm - Commander Services<\/title>\n<meta name=\"description\" content=\"First safe mobil je sofistikovan\u00e9 zariadenie sp\u00e1jaj\u00face GPS lok\u00e1tor a mobiln\u00fd telef\u00f3n. Vhodn\u00fd ako prv\u00fd telef\u00f3n pre deti alebo pre seniorov.\" \/>\n<meta name=\"robots\" content=\"index, follow, max-snippet:-1, max-image-preview:large, max-video-preview:-1\" \/>\n<link rel=\"canonical\" href=\"https:\/\/shop.commander.sk\/cz\/produkt\/first-safe-mobil-testovaci-produkt-gps-lokator-osob-s-volanim\/\" \/>\n<meta property=\"og:locale\" content=\"cs_CZ\" \/>\n<meta property=\"og:type\" content=\"article\" \/>\n<meta property=\"og:title\" content=\"First safe mobil \u2013 testovac\u00ed produkt GPS lok\u00e1tor os\u00f4b s volan\u00edm - Commander Services\" \/>\n<meta property=\"og:description\" content=\"First safe mobil je sofistikovan\u00e9 zariadenie sp\u00e1jaj\u00face GPS lok\u00e1tor a mobiln\u00fd telef\u00f3n. Vhodn\u00fd ako prv\u00fd telef\u00f3n pre deti alebo pre seniorov.\" \/>\n<meta property=\"og:url\" content=\"https:\/\/shop.commander.sk\/cz\/produkt\/first-safe-mobil-testovaci-produkt-gps-lokator-osob-s-volanim\/\" \/>\n<meta property=\"og:site_name\" content=\"Commander Services\" \/>\n<meta property=\"article:modified_time\" content=\"2022-03-29T10:50:39+00:00\" \/>\n<meta name=\"twitter:card\" content=\"summary_large_image\" \/>\n<meta name=\"twitter:label1\" content=\"Odhadovan\u00e1 doba \u010dten\u00ed\" \/>\n\t<meta name=\"twitter:data1\" content=\"9 minut\" \/>\n<script type=\"application\/ld+json\" class=\"yoast-schema-graph\">{\"@context\":\"https:\/\/schema.org\",\"@graph\":[{\"@type\":\"WebSite\",\"@id\":\"https:\/\/shop.commander.sk\/#website\",\"url\":\"https:\/\/shop.commander.sk\/\",\"name\":\"Commander Services\",\"description\":\"\",\"potentialAction\":[{\"@type\":\"SearchAction\",\"target\":{\"@type\":\"EntryPoint\",\"urlTemplate\":\"https:\/\/shop.commander.sk\/?s={search_term_string}\"},\"query-input\":\"required name=search_term_string\"}],\"inLanguage\":\"cs\"},{\"@type\":\"WebPage\",\"@id\":\"https:\/\/shop.commander.sk\/produkt\/first-safe-mobil-testovaci-produkt-gps-lokator-osob-s-volanim\/#webpage\",\"url\":\"https:\/\/shop.commander.sk\/produkt\/first-safe-mobil-testovaci-produkt-gps-lokator-osob-s-volanim\/\",\"name\":\"First safe mobil \u2013 testovac\u00ed produkt GPS lok\u00e1tor os\u00f4b s volan\u00edm - Commander Services\",\"isPartOf\":{\"@id\":\"https:\/\/shop.commander.sk\/#website\"},\"datePublished\":\"2021-09-13T12:34:01+00:00\",\"dateModified\":\"2022-03-29T10:50:39+00:00\",\"breadcrumb\":{\"@id\":\"https:\/\/shop.commander.sk\/produkt\/first-safe-mobil-testovaci-produkt-gps-lokator-osob-s-volanim\/#breadcrumb\"},\"inLanguage\":\"cs\"}]}<\/script>\n<!-- \/ Yoast SEO plugin. -->","yoast_head_json":{"title":"First safe mobil \u2013 testovac\u00ed produkt GPS lok\u00e1tor os\u00f4b s volan\u00edm - Commander Services","description":"First safe mobil je sofistikovan\u00e9 zariadenie sp\u00e1jaj\u00face GPS lok\u00e1tor a mobiln\u00fd telef\u00f3n. Vhodn\u00fd ako prv\u00fd telef\u00f3n pre deti alebo pre seniorov.","robots":{"index":"index","follow":"follow","max-snippet":"max-snippet:-1","max-image-preview":"max-image-preview:large","max-video-preview":"max-video-preview:-1"},"canonical":"https:\/\/shop.commander.sk\/cz\/produkt\/first-safe-mobil-testovaci-produkt-gps-lokator-osob-s-volanim\/","og_locale":"cs_CZ","og_type":"article","og_title":"First safe mobil \u2013 testovac\u00ed produkt GPS lok\u00e1tor os\u00f4b s volan\u00edm - Commander Services","og_description":"First safe mobil je sofistikovan\u00e9 zariadenie sp\u00e1jaj\u00face GPS lok\u00e1tor a mobiln\u00fd telef\u00f3n. Vhodn\u00fd ako prv\u00fd telef\u00f3n pre deti alebo pre seniorov.","og_url":"https:\/\/shop.commander.sk\/cz\/produkt\/first-safe-mobil-testovaci-produkt-gps-lokator-osob-s-volanim\/","og_site_name":"Commander Services","article_modified_time":"2022-03-29T10:50:39+00:00","twitter_card":"summary_large_image","twitter_misc":{"Odhadovan\u00e1 doba \u010dten\u00ed":"9 minut"},"schema":{"@context":"https:\/\/schema.org","@graph":[{"@type":"WebSite","@id":"https:\/\/shop.commander.sk\/#website","url":"https:\/\/shop.commander.sk\/","name":"Commander Services","description":"","potentialAction":[{"@type":"SearchAction","target":{"@type":"EntryPoint","urlTemplate":"https:\/\/shop.commander.sk\/?s={search_term_string}"},"query-input":"required name=search_term_string"}],"inLanguage":"cs"},{"@type":"WebPage","@id":"https:\/\/shop.commander.sk\/produkt\/first-safe-mobil-testovaci-produkt-gps-lokator-osob-s-volanim\/#webpage","url":"https:\/\/shop.commander.sk\/produkt\/first-safe-mobil-testovaci-produkt-gps-lokator-osob-s-volanim\/","name":"First safe mobil \u2013 testovac\u00ed produkt GPS lok\u00e1tor os\u00f4b s volan\u00edm - Commander Services","isPartOf":{"@id":"https:\/\/shop.commander.sk\/#website"},"datePublished":"2021-09-13T12:34:01+00:00","dateModified":"2022-03-29T10:50:39+00:00","breadcrumb":{"@id":"https:\/\/shop.commander.sk\/produkt\/first-safe-mobil-testovaci-produkt-gps-lokator-osob-s-volanim\/#breadcrumb"},"inLanguage":"cs"}]}},"_links":{"self":[{"href":"https:\/\/shop.commander.sk\/cz\/wp-json\/wp\/v2\/product\/5372"}],"collection":[{"href":"https:\/\/shop.commander.sk\/cz\/wp-json\/wp\/v2\/product"}],"about":[{"href":"https:\/\/shop.commander.sk\/cz\/wp-json\/wp\/v2\/types\/product"}],"replies":[{"embeddable":true,"href":"https:\/\/shop.commander.sk\/cz\/wp-json\/wp\/v2\/comments?post=5372"}],"version-history":[{"count":0,"href":"https:\/\/shop.commander.sk\/cz\/wp-json\/wp\/v2\/product\/5372\/revisions"}],"wp:featuredmedia":[{"embeddable":true,"href":"https:\/\/shop.commander.sk\/cz\/wp-json\/wp\/v2\/media\/2564"}],"wp:attachment":[{"href":"https:\/\/shop.commander.sk\/cz\/wp-json\/wp\/v2\/media?parent=5372"}],"wp:term":[{"taxonomy":"product_cat","embeddable":true,"href":"https:\/\/shop.commander.sk\/cz\/wp-json\/wp\/v2\/product_cat?post=5372"},{"taxonomy":"product_tag","embeddable":true,"href":"https:\/\/shop.commander.sk\/cz\/wp-json\/wp\/v2\/product_tag?post=5372"}],"curies":[{"name":"wp","href":"https:\/\/api.w.org\/{rel}","templated":true}]}}