{"id":13,"date":"2020-04-25T08:35:48","date_gmt":"2020-04-25T08:35:48","guid":{"rendered":"https:\/\/elementor.thembay.com\/diza\/my-account\/"},"modified":"2023-12-14T07:28:32","modified_gmt":"2023-12-14T06:28:32","slug":"zakaznicky-ucet","status":"publish","type":"page","link":"https:\/\/shop.commander.sk\/sk\/zakaznicky-ucet\/","title":{"rendered":"Z\u00e1kazn\u00edcky \u00fa\u010det"},"content":{"rendered":"<div class=\"woocommerce\"><\/div>\n","protected":false},"excerpt":{"rendered":"","protected":false},"author":1,"featured_media":2140,"parent":0,"menu_order":0,"comment_status":"closed","ping_status":"closed","template":"","meta":{"_links_to":"","_links_to_target":""},"acf":[],"yoast_head":"<!-- This site is optimized with the Yoast SEO plugin v18.4.1 - https:\/\/yoast.com\/wordpress\/plugins\/seo\/ -->\n<title>Z\u00e1kazn\u00edcky \u00fa\u010det - Commander Services<\/title>\n<meta name=\"description\" content=\"E-shop Commander - poskytujeme jednoduch\u00e9 a nen\u00e1padne zabezpe\u010denie vozidiel a aj technol\u00f3gie, ktor\u00e9 chr\u00e1nia va\u0161u rodinu.\" \/>\n<meta name=\"robots\" content=\"index, follow, max-snippet:-1, max-image-preview:large, max-video-preview:-1\" \/>\n<link rel=\"canonical\" href=\"https:\/\/shop.commander.sk\/sk\/zakaznicky-ucet\/\" \/>\n<meta property=\"og:locale\" content=\"sk_SK\" \/>\n<meta property=\"og:type\" content=\"article\" \/>\n<meta property=\"og:title\" content=\"Z\u00e1kazn\u00edcky \u00fa\u010det - Commander Services\" \/>\n<meta property=\"og:description\" content=\"E-shop Commander - poskytujeme jednoduch\u00e9 a nen\u00e1padne zabezpe\u010denie vozidiel a aj technol\u00f3gie, ktor\u00e9 chr\u00e1nia va\u0161u rodinu.\" \/>\n<meta property=\"og:url\" content=\"https:\/\/shop.commander.sk\/sk\/zakaznicky-ucet\/\" \/>\n<meta property=\"og:site_name\" content=\"Commander Services\" \/>\n<meta property=\"article:modified_time\" content=\"2023-12-14T06:28:32+00:00\" \/>\n<meta property=\"og:image\" content=\"https:\/\/shop.commander.sk\/wp-content\/uploads\/2020\/10\/commander_icon.png\" \/>\n\t<meta property=\"og:image:width\" content=\"200\" \/>\n\t<meta property=\"og:image:height\" content=\"200\" \/>\n\t<meta property=\"og:image:type\" content=\"image\/png\" \/>\n<meta name=\"twitter:card\" content=\"summary_large_image\" \/>\n<meta name=\"twitter:label1\" content=\"Predpokladan\u00fd \u010das \u010d\u00edtania\" \/>\n\t<meta name=\"twitter:data1\" content=\"1 min\u00fata\" \/>\n<script type=\"application\/ld+json\" class=\"yoast-schema-graph\">{\"@context\":\"https:\/\/schema.org\",\"@graph\":[{\"@type\":\"WebSite\",\"@id\":\"https:\/\/shop.commander.sk\/#website\",\"url\":\"https:\/\/shop.commander.sk\/\",\"name\":\"Commander Services\",\"description\":\"\",\"potentialAction\":[{\"@type\":\"SearchAction\",\"target\":{\"@type\":\"EntryPoint\",\"urlTemplate\":\"https:\/\/shop.commander.sk\/?s={search_term_string}\"},\"query-input\":\"required name=search_term_string\"}],\"inLanguage\":\"sk-SK\"},{\"@type\":\"ImageObject\",\"@id\":\"https:\/\/shop.commander.sk\/zakaznicky-ucet\/#primaryimage\",\"inLanguage\":\"sk-SK\",\"url\":\"https:\/\/shop.commander.sk\/wp-content\/uploads\/2020\/10\/commander_icon.png\",\"contentUrl\":\"https:\/\/shop.commander.sk\/wp-content\/uploads\/2020\/10\/commander_icon.png\",\"width\":200,\"height\":200,\"caption\":\"commander icon\"},{\"@type\":\"WebPage\",\"@id\":\"https:\/\/shop.commander.sk\/zakaznicky-ucet\/#webpage\",\"url\":\"https:\/\/shop.commander.sk\/zakaznicky-ucet\/\",\"name\":\"Z\u00e1kazn\u00edcky \u00fa\u010det - Commander Services\",\"isPartOf\":{\"@id\":\"https:\/\/shop.commander.sk\/#website\"},\"primaryImageOfPage\":{\"@id\":\"https:\/\/shop.commander.sk\/zakaznicky-ucet\/#primaryimage\"},\"datePublished\":\"2020-04-25T08:35:48+00:00\",\"dateModified\":\"2023-12-14T06:28:32+00:00\",\"description\":\"E-shop Commander - poskytujeme jednoduch\u00e9 a nen\u00e1padne zabezpe\u010denie vozidiel a aj technol\u00f3gie, ktor\u00e9 chr\u00e1nia va\u0161u rodinu.\",\"breadcrumb\":{\"@id\":\"https:\/\/shop.commander.sk\/zakaznicky-ucet\/#breadcrumb\"},\"inLanguage\":\"sk-SK\",\"potentialAction\":[{\"@type\":\"ReadAction\",\"target\":[\"https:\/\/shop.commander.sk\/zakaznicky-ucet\/\"]}]},{\"@type\":\"BreadcrumbList\",\"@id\":\"https:\/\/shop.commander.sk\/zakaznicky-ucet\/#breadcrumb\",\"itemListElement\":[{\"@type\":\"ListItem\",\"position\":1,\"name\":\"Domovsk\u00e1 str\u00e1nka\",\"item\":\"https:\/\/shop.commander.sk\/\"},{\"@type\":\"ListItem\",\"position\":2,\"name\":\"Z\u00e1kazn\u00edcky \u00fa\u010det\"}]}]}<\/script>\n<!-- \/ Yoast SEO plugin. -->","yoast_head_json":{"title":"Z\u00e1kazn\u00edcky \u00fa\u010det - Commander Services","description":"E-shop Commander - poskytujeme jednoduch\u00e9 a nen\u00e1padne zabezpe\u010denie vozidiel a aj technol\u00f3gie, ktor\u00e9 chr\u00e1nia va\u0161u rodinu.","robots":{"index":"index","follow":"follow","max-snippet":"max-snippet:-1","max-image-preview":"max-image-preview:large","max-video-preview":"max-video-preview:-1"},"canonical":"https:\/\/shop.commander.sk\/sk\/zakaznicky-ucet\/","og_locale":"sk_SK","og_type":"article","og_title":"Z\u00e1kazn\u00edcky \u00fa\u010det - Commander Services","og_description":"E-shop Commander - poskytujeme jednoduch\u00e9 a nen\u00e1padne zabezpe\u010denie vozidiel a aj technol\u00f3gie, ktor\u00e9 chr\u00e1nia va\u0161u rodinu.","og_url":"https:\/\/shop.commander.sk\/sk\/zakaznicky-ucet\/","og_site_name":"Commander Services","article_modified_time":"2023-12-14T06:28:32+00:00","og_image":[{"width":200,"height":200,"url":"https:\/\/shop.commander.sk\/wp-content\/uploads\/2020\/10\/commander_icon.png","type":"image\/png"}],"twitter_card":"summary_large_image","twitter_misc":{"Predpokladan\u00fd \u010das \u010d\u00edtania":"1 min\u00fata"},"schema":{"@context":"https:\/\/schema.org","@graph":[{"@type":"WebSite","@id":"https:\/\/shop.commander.sk\/#website","url":"https:\/\/shop.commander.sk\/","name":"Commander Services","description":"","potentialAction":[{"@type":"SearchAction","target":{"@type":"EntryPoint","urlTemplate":"https:\/\/shop.commander.sk\/?s={search_term_string}"},"query-input":"required name=search_term_string"}],"inLanguage":"sk-SK"},{"@type":"ImageObject","@id":"https:\/\/shop.commander.sk\/zakaznicky-ucet\/#primaryimage","inLanguage":"sk-SK","url":"https:\/\/shop.commander.sk\/wp-content\/uploads\/2020\/10\/commander_icon.png","contentUrl":"https:\/\/shop.commander.sk\/wp-content\/uploads\/2020\/10\/commander_icon.png","width":200,"height":200,"caption":"commander icon"},{"@type":"WebPage","@id":"https:\/\/shop.commander.sk\/zakaznicky-ucet\/#webpage","url":"https:\/\/shop.commander.sk\/zakaznicky-ucet\/","name":"Z\u00e1kazn\u00edcky \u00fa\u010det - Commander Services","isPartOf":{"@id":"https:\/\/shop.commander.sk\/#website"},"primaryImageOfPage":{"@id":"https:\/\/shop.commander.sk\/zakaznicky-ucet\/#primaryimage"},"datePublished":"2020-04-25T08:35:48+00:00","dateModified":"2023-12-14T06:28:32+00:00","description":"E-shop Commander - poskytujeme jednoduch\u00e9 a nen\u00e1padne zabezpe\u010denie vozidiel a aj technol\u00f3gie, ktor\u00e9 chr\u00e1nia va\u0161u rodinu.","breadcrumb":{"@id":"https:\/\/shop.commander.sk\/zakaznicky-ucet\/#breadcrumb"},"inLanguage":"sk-SK","potentialAction":[{"@type":"ReadAction","target":["https:\/\/shop.commander.sk\/zakaznicky-ucet\/"]}]},{"@type":"BreadcrumbList","@id":"https:\/\/shop.commander.sk\/zakaznicky-ucet\/#breadcrumb","itemListElement":[{"@type":"ListItem","position":1,"name":"Domovsk\u00e1 str\u00e1nka","item":"https:\/\/shop.commander.sk\/"},{"@type":"ListItem","position":2,"name":"Z\u00e1kazn\u00edcky \u00fa\u010det"}]}]}},"_links":{"self":[{"href":"https:\/\/shop.commander.sk\/sk\/wp-json\/wp\/v2\/pages\/13"}],"collection":[{"href":"https:\/\/shop.commander.sk\/sk\/wp-json\/wp\/v2\/pages"}],"about":[{"href":"https:\/\/shop.commander.sk\/sk\/wp-json\/wp\/v2\/types\/page"}],"author":[{"embeddable":true,"href":"https:\/\/shop.commander.sk\/sk\/wp-json\/wp\/v2\/users\/1"}],"replies":[{"embeddable":true,"href":"https:\/\/shop.commander.sk\/sk\/wp-json\/wp\/v2\/comments?post=13"}],"version-history":[{"count":0,"href":"https:\/\/shop.commander.sk\/sk\/wp-json\/wp\/v2\/pages\/13\/revisions"}],"wp:featuredmedia":[{"embeddable":true,"href":"https:\/\/shop.commander.sk\/sk\/wp-json\/wp\/v2\/media\/2140"}],"wp:attachment":[{"href":"https:\/\/shop.commander.sk\/sk\/wp-json\/wp\/v2\/media?parent=13"}],"curies":[{"name":"wp","href":"https:\/\/api.w.org\/{rel}","templated":true}]}}