{"id":1812,"date":"2020-04-25T08:35:47","date_gmt":"2020-04-25T08:35:47","guid":{"rendered":"https:\/\/elementor.thembay.com\/diza\/cart\/"},"modified":"2023-12-14T07:27:47","modified_gmt":"2023-12-14T06:27:47","slug":"kosik","status":"publish","type":"page","link":"https:\/\/shop.commander.sk\/sk\/kosik\/","title":{"rendered":"Ko\u0161\u00edk"},"content":{"rendered":"\t\t<div data-elementor-type=\"wp-page\" data-elementor-id=\"1812\" class=\"elementor elementor-1812\" data-elementor-settings=\"[]\">\n\t\t\t\t\t\t<div class=\"elementor-inner\">\n\t\t\t\t\t\t\t<div class=\"elementor-section-wrap\">\n\t\t\t\t\t\t\t<section class=\"elementor-section elementor-top-section elementor-element elementor-element-2dd35f5f elementor-section-boxed elementor-section-height-default elementor-section-height-default\" data-id=\"2dd35f5f\" data-element_type=\"section\">\n\t\t\t\t\t\t<div class=\"elementor-container elementor-column-gap-default\">\n\t\t\t\t\t\t\t<div class=\"elementor-row\">\n\t\t\t\t\t<div class=\"elementor-column elementor-col-100 elementor-top-column elementor-element elementor-element-a1e986f\" data-id=\"a1e986f\" data-element_type=\"column\">\n\t\t\t<div class=\"elementor-column-wrap elementor-element-populated\">\n\t\t\t\t\t\t\t<div class=\"elementor-widget-wrap\">\n\t\t\t\t\t\t<div class=\"elementor-element elementor-element-8d77a17 elementor-widget elementor-widget-text-editor\" data-id=\"8d77a17\" data-element_type=\"widget\" data-widget_type=\"text-editor.default\">\n\t\t\t\t<div class=\"elementor-widget-container\">\n\t\t\t\t\t\t\t\t<div class=\"elementor-text-editor elementor-clearfix\">\n\t\t\t\t\t<!-- wp:shortcode -->\n<p><\/p>\n<!-- \/wp:shortcode -->\t\t\t\t\t<\/div>\n\t\t\t\t\t\t<\/div>\n\t\t\t\t<\/div>\n\t\t\t\t\t\t<\/div>\n\t\t\t\t\t<\/div>\n\t\t<\/div>\n\t\t\t\t\t\t\t\t<\/div>\n\t\t\t\t\t<\/div>\n\t\t<\/section>\n\t\t\t\t\t\t<\/div>\n\t\t\t\t\t\t<\/div>\n\t\t\t\t\t<\/div>\n\t\t","protected":false},"excerpt":{"rendered":"","protected":false},"author":1,"featured_media":2643,"parent":0,"menu_order":0,"comment_status":"closed","ping_status":"closed","template":"","meta":{"_links_to":"","_links_to_target":""},"acf":[],"yoast_head":"<!-- This site is optimized with the Yoast SEO plugin v18.4.1 - https:\/\/yoast.com\/wordpress\/plugins\/seo\/ -->\n<title>Ko\u0161\u00edk - Commander Services<\/title>\n<meta name=\"robots\" content=\"index, follow, max-snippet:-1, max-image-preview:large, max-video-preview:-1\" \/>\n<link rel=\"canonical\" href=\"https:\/\/shop.commander.sk\/sk\/kosik\/\" \/>\n<meta property=\"og:locale\" content=\"sk_SK\" \/>\n<meta property=\"og:type\" content=\"article\" \/>\n<meta property=\"og:title\" content=\"Ko\u0161\u00edk - Commander Services\" \/>\n<meta property=\"og:url\" content=\"https:\/\/shop.commander.sk\/sk\/kosik\/\" \/>\n<meta property=\"og:site_name\" content=\"Commander Services\" \/>\n<meta property=\"article:modified_time\" content=\"2023-12-14T06:27:47+00:00\" \/>\n<meta property=\"og:image\" content=\"https:\/\/shop.commander.sk\/wp-content\/uploads\/2020\/12\/commander_icon.png\" \/>\n\t<meta property=\"og:image:width\" content=\"96\" \/>\n\t<meta property=\"og:image:height\" content=\"96\" \/>\n\t<meta property=\"og:image:type\" content=\"image\/png\" \/>\n<meta name=\"twitter:card\" content=\"summary_large_image\" \/>\n<meta name=\"twitter:label1\" content=\"Predpokladan\u00fd \u010das \u010d\u00edtania\" \/>\n\t<meta name=\"twitter:data1\" content=\"1 min\u00fata\" \/>\n<script type=\"application\/ld+json\" class=\"yoast-schema-graph\">{\"@context\":\"https:\/\/schema.org\",\"@graph\":[{\"@type\":\"WebSite\",\"@id\":\"https:\/\/shop.commander.sk\/#website\",\"url\":\"https:\/\/shop.commander.sk\/\",\"name\":\"Commander Services\",\"description\":\"\",\"potentialAction\":[{\"@type\":\"SearchAction\",\"target\":{\"@type\":\"EntryPoint\",\"urlTemplate\":\"https:\/\/shop.commander.sk\/?s={search_term_string}\"},\"query-input\":\"required name=search_term_string\"}],\"inLanguage\":\"sk-SK\"},{\"@type\":\"ImageObject\",\"@id\":\"https:\/\/shop.commander.sk\/kosik\/#primaryimage\",\"inLanguage\":\"sk-SK\",\"url\":\"https:\/\/shop.commander.sk\/wp-content\/uploads\/2020\/12\/commander_icon.png\",\"contentUrl\":\"https:\/\/shop.commander.sk\/wp-content\/uploads\/2020\/12\/commander_icon.png\",\"width\":96,\"height\":96,\"caption\":\"Commander icona\"},{\"@type\":\"WebPage\",\"@id\":\"https:\/\/shop.commander.sk\/kosik\/#webpage\",\"url\":\"https:\/\/shop.commander.sk\/kosik\/\",\"name\":\"Ko\u0161\u00edk - Commander Services\",\"isPartOf\":{\"@id\":\"https:\/\/shop.commander.sk\/#website\"},\"primaryImageOfPage\":{\"@id\":\"https:\/\/shop.commander.sk\/kosik\/#primaryimage\"},\"datePublished\":\"2020-04-25T08:35:47+00:00\",\"dateModified\":\"2023-12-14T06:27:47+00:00\",\"breadcrumb\":{\"@id\":\"https:\/\/shop.commander.sk\/kosik\/#breadcrumb\"},\"inLanguage\":\"sk-SK\",\"potentialAction\":[{\"@type\":\"ReadAction\",\"target\":[\"https:\/\/shop.commander.sk\/kosik\/\"]}]},{\"@type\":\"BreadcrumbList\",\"@id\":\"https:\/\/shop.commander.sk\/kosik\/#breadcrumb\",\"itemListElement\":[{\"@type\":\"ListItem\",\"position\":1,\"name\":\"Domovsk\u00e1 str\u00e1nka\",\"item\":\"https:\/\/shop.commander.sk\/\"},{\"@type\":\"ListItem\",\"position\":2,\"name\":\"Ko\u0161\u00edk\"}]}]}<\/script>\n<!-- \/ Yoast SEO plugin. -->","yoast_head_json":{"title":"Ko\u0161\u00edk - Commander Services","robots":{"index":"index","follow":"follow","max-snippet":"max-snippet:-1","max-image-preview":"max-image-preview:large","max-video-preview":"max-video-preview:-1"},"canonical":"https:\/\/shop.commander.sk\/sk\/kosik\/","og_locale":"sk_SK","og_type":"article","og_title":"Ko\u0161\u00edk - Commander Services","og_url":"https:\/\/shop.commander.sk\/sk\/kosik\/","og_site_name":"Commander Services","article_modified_time":"2023-12-14T06:27:47+00:00","og_image":[{"width":96,"height":96,"url":"https:\/\/shop.commander.sk\/wp-content\/uploads\/2020\/12\/commander_icon.png","type":"image\/png"}],"twitter_card":"summary_large_image","twitter_misc":{"Predpokladan\u00fd \u010das \u010d\u00edtania":"1 min\u00fata"},"schema":{"@context":"https:\/\/schema.org","@graph":[{"@type":"WebSite","@id":"https:\/\/shop.commander.sk\/#website","url":"https:\/\/shop.commander.sk\/","name":"Commander Services","description":"","potentialAction":[{"@type":"SearchAction","target":{"@type":"EntryPoint","urlTemplate":"https:\/\/shop.commander.sk\/?s={search_term_string}"},"query-input":"required name=search_term_string"}],"inLanguage":"sk-SK"},{"@type":"ImageObject","@id":"https:\/\/shop.commander.sk\/kosik\/#primaryimage","inLanguage":"sk-SK","url":"https:\/\/shop.commander.sk\/wp-content\/uploads\/2020\/12\/commander_icon.png","contentUrl":"https:\/\/shop.commander.sk\/wp-content\/uploads\/2020\/12\/commander_icon.png","width":96,"height":96,"caption":"Commander icona"},{"@type":"WebPage","@id":"https:\/\/shop.commander.sk\/kosik\/#webpage","url":"https:\/\/shop.commander.sk\/kosik\/","name":"Ko\u0161\u00edk - Commander Services","isPartOf":{"@id":"https:\/\/shop.commander.sk\/#website"},"primaryImageOfPage":{"@id":"https:\/\/shop.commander.sk\/kosik\/#primaryimage"},"datePublished":"2020-04-25T08:35:47+00:00","dateModified":"2023-12-14T06:27:47+00:00","breadcrumb":{"@id":"https:\/\/shop.commander.sk\/kosik\/#breadcrumb"},"inLanguage":"sk-SK","potentialAction":[{"@type":"ReadAction","target":["https:\/\/shop.commander.sk\/kosik\/"]}]},{"@type":"BreadcrumbList","@id":"https:\/\/shop.commander.sk\/kosik\/#breadcrumb","itemListElement":[{"@type":"ListItem","position":1,"name":"Domovsk\u00e1 str\u00e1nka","item":"https:\/\/shop.commander.sk\/"},{"@type":"ListItem","position":2,"name":"Ko\u0161\u00edk"}]}]}},"_links":{"self":[{"href":"https:\/\/shop.commander.sk\/sk\/wp-json\/wp\/v2\/pages\/1812"}],"collection":[{"href":"https:\/\/shop.commander.sk\/sk\/wp-json\/wp\/v2\/pages"}],"about":[{"href":"https:\/\/shop.commander.sk\/sk\/wp-json\/wp\/v2\/types\/page"}],"author":[{"embeddable":true,"href":"https:\/\/shop.commander.sk\/sk\/wp-json\/wp\/v2\/users\/1"}],"replies":[{"embeddable":true,"href":"https:\/\/shop.commander.sk\/sk\/wp-json\/wp\/v2\/comments?post=1812"}],"version-history":[{"count":0,"href":"https:\/\/shop.commander.sk\/sk\/wp-json\/wp\/v2\/pages\/1812\/revisions"}],"wp:featuredmedia":[{"embeddable":true,"href":"https:\/\/shop.commander.sk\/sk\/wp-json\/wp\/v2\/media\/2643"}],"wp:attachment":[{"href":"https:\/\/shop.commander.sk\/sk\/wp-json\/wp\/v2\/media?parent=1812"}],"curies":[{"name":"wp","href":"https:\/\/api.w.org\/{rel}","templated":true}]}}