{"id":584,"date":"2020-06-05T08:45:23","date_gmt":"2020-06-05T01:45:23","guid":{"rendered":"https:\/\/elementor.thembay.com\/diza\/?page_id=584"},"modified":"2025-05-26T08:38:35","modified_gmt":"2025-05-26T06:38:35","slug":"kontakt","status":"publish","type":"page","link":"https:\/\/shop.commander.sk\/sk\/kontakt\/","title":{"rendered":"Kontakt"},"content":{"rendered":"\t\t<div data-elementor-type=\"wp-page\" data-elementor-id=\"584\" class=\"elementor elementor-584\" data-elementor-settings=\"[]\">\n\t\t\t\t\t\t<div class=\"elementor-inner\">\n\t\t\t\t\t\t\t<div class=\"elementor-section-wrap\">\n\t\t\t\t\t\t\t<section class=\"elementor-section elementor-top-section elementor-element elementor-element-f5c37a8 elementor-hidden-desktop elementor-hidden-tablet elementor-hidden-phone elementor-section-boxed elementor-section-height-default elementor-section-height-default\" data-id=\"f5c37a8\" data-element_type=\"section\">\n\t\t\t\t\t\t<div class=\"elementor-container elementor-column-gap-default\">\n\t\t\t\t\t\t\t<div class=\"elementor-row\">\n\t\t\t\t\t<div class=\"elementor-column elementor-col-100 elementor-top-column elementor-element elementor-element-d1ae67e\" data-id=\"d1ae67e\" data-element_type=\"column\">\n\t\t\t<div class=\"elementor-column-wrap elementor-element-populated\">\n\t\t\t\t\t\t\t<div class=\"elementor-widget-wrap\">\n\t\t\t\t\t\t<div class=\"elementor-element elementor-element-60f2098 elementor-widget elementor-widget-heading\" data-id=\"60f2098\" data-element_type=\"widget\" data-widget_type=\"heading.default\">\n\t\t\t\t<div class=\"elementor-widget-container\">\n\t\t\t<h1 class=\"elementor-heading-title elementor-size-default\">Kontaktujte n\u00e1s<\/h1>\t\t<\/div>\n\t\t\t\t<\/div>\n\t\t\t\t\t\t<\/div>\n\t\t\t\t\t<\/div>\n\t\t<\/div>\n\t\t\t\t\t\t\t\t<\/div>\n\t\t\t\t\t<\/div>\n\t\t<\/section>\n\t\t\t\t<section class=\"elementor-section elementor-top-section elementor-element elementor-element-6256cc4 elementor-section-boxed elementor-section-height-default elementor-section-height-default\" data-id=\"6256cc4\" data-element_type=\"section\">\n\t\t\t\t\t\t<div class=\"elementor-container elementor-column-gap-default\">\n\t\t\t\t\t\t\t<div class=\"elementor-row\">\n\t\t\t\t\t<div class=\"elementor-column elementor-col-50 elementor-top-column elementor-element elementor-element-c10dac1\" data-id=\"c10dac1\" data-element_type=\"column\">\n\t\t\t<div class=\"elementor-column-wrap elementor-element-populated\">\n\t\t\t\t\t\t\t<div class=\"elementor-widget-wrap\">\n\t\t\t\t\t\t<div class=\"elementor-element elementor-element-94bb53c elementor-widget elementor-widget-shortcode\" data-id=\"94bb53c\" data-element_type=\"widget\" data-widget_type=\"shortcode.default\">\n\t\t\t\t<div class=\"elementor-widget-container\">\n\t\t\t\t\t<div class=\"elementor-shortcode\"><div role=\"form\" class=\"wpcf7\" id=\"wpcf7-f1837-o1\" lang=\"en-US\" dir=\"ltr\">\n<div class=\"screen-reader-response\"><p role=\"status\" aria-live=\"polite\" aria-atomic=\"true\"><\/p> <ul><\/ul><\/div>\n<form action=\"\/sk\/wp-json\/wp\/v2\/pages\/584#wpcf7-f1837-o1\" method=\"post\" class=\"wpcf7-form init\" novalidate=\"novalidate\" data-status=\"init\">\n<div style=\"display: none;\">\n<input type=\"hidden\" name=\"_wpcf7\" value=\"1837\" \/>\n<input type=\"hidden\" name=\"_wpcf7_version\" value=\"5.4.2\" \/>\n<input type=\"hidden\" name=\"_wpcf7_locale\" value=\"en_US\" \/>\n<input type=\"hidden\" name=\"_wpcf7_unit_tag\" value=\"wpcf7-f1837-o1\" \/>\n<input type=\"hidden\" name=\"_wpcf7_container_post\" value=\"0\" \/>\n<input type=\"hidden\" name=\"_wpcf7_posted_data_hash\" value=\"\" \/>\n<input type=\"hidden\" name=\"_wpcf7_recaptcha_response\" value=\"\" \/>\n<\/div>\n<div class=\"form-horizontal row\">\n<div class=\"col\">\n            <span class=\"wpcf7-form-control-wrap your-name\"><input type=\"text\" name=\"your-name\" value=\"\" size=\"40\" class=\"wpcf7-form-control wpcf7-text wpcf7-validates-as-required required form-control\" aria-required=\"true\" aria-invalid=\"false\" placeholder=\"Meno *\" \/><\/span>\n        <\/div>\n<div class=\"col\">\n            <span class=\"wpcf7-form-control-wrap email-257\"><input type=\"email\" name=\"email-257\" value=\"\" size=\"40\" class=\"wpcf7-form-control wpcf7-text wpcf7-email wpcf7-validates-as-required wpcf7-validates-as-email required\" aria-required=\"true\" aria-invalid=\"false\" placeholder=\"Email *\" \/><\/span>\n        <\/div>\n<div class=\"w-100\"><\/div>\n<div class=\"col col-12\">\n        <span class=\"wpcf7-form-control-wrap tel-746\"><input type=\"tel\" name=\"tel-746\" value=\"\" size=\"40\" maxlength=\"12\" minlength=\"12\" class=\"wpcf7-form-control wpcf7-text wpcf7-tel wpcf7-validates-as-required wpcf7-validates-as-tel required form-control\" aria-required=\"true\" aria-invalid=\"false\" placeholder=\"Telef\u00f3n *\" \/><\/span>\n        <\/div>\n<div class=\"col col-12\">\n        <span class=\"wpcf7-form-control-wrap text-741\"><input type=\"text\" name=\"text-741\" value=\"\" size=\"40\" class=\"wpcf7-form-control wpcf7-text wpcf7-validates-as-required required form-control\" aria-required=\"true\" aria-invalid=\"false\" placeholder=\"Mesto *\" \/><\/span>\n        <\/div>\n<div class=\"col col-12\" style=\"font-size:15px; margin-bottom:10px;\">\n        Produkt (vyberte zo zoznamu)<br \/>\n        <span class=\"wpcf7-form-control-wrap Produkt\"><select name=\"Produkt\" class=\"wpcf7-form-control wpcf7-select wpcf7-validates-as-required\" aria-required=\"true\" aria-invalid=\"false\"><option value=\"Motorcycle FMB monitor \u2013 GPS lok\u00e1tor pre motocykle\">Motorcycle FMB monitor \u2013 GPS lok\u00e1tor pre motocykle<\/option><option value=\"Car FMP monitor \u2013 GPS lok\u00e1tor pre vozidl\u00e1\">Car FMP monitor \u2013 GPS lok\u00e1tor pre vozidl\u00e1<\/option><option value=\"Car OBD monitor \u2013 GPS lok\u00e1tor pre vozidl\u00e1\">Car OBD monitor \u2013 GPS lok\u00e1tor pre vozidl\u00e1<\/option><option value=\"Mil\u00e1\u010dik monitor \u2013 GPS lok\u00e1tor pre seniorov\/deti\">Mil\u00e1\u010dik monitor \u2013 GPS lok\u00e1tor pre seniorov\/deti<\/option><option value=\"First safe mobil \u2013 GPS lok\u00e1tor os\u00f4b s volan\u00edm\">First safe mobil \u2013 GPS lok\u00e1tor os\u00f4b s volan\u00edm<\/option><option value=\"Secret monitor \u2013 GPS lok\u00e1tor pre vozidl\u00e1 s nap\u00e1jan\u00edm na bat\u00e9riu\">Secret monitor \u2013 GPS lok\u00e1tor pre vozidl\u00e1 s nap\u00e1jan\u00edm na bat\u00e9riu<\/option><\/select><\/span>\n        <\/div>\n<div class=\"col-12\">\n            <span class=\"wpcf7-form-control-wrap textarea-552\"><textarea name=\"textarea-552\" cols=\"40\" rows=\"10\" class=\"wpcf7-form-control wpcf7-textarea required\" aria-invalid=\"false\" placeholder=\"Spr\u00e1va\"><\/textarea><\/span>\n        <\/div>\n<p><span class=\"wpcf7-form-control-wrap suhlas\"><span class=\"wpcf7-form-control wpcf7-acceptance optional\"><span class=\"wpcf7-list-item\"><label><input type=\"checkbox\" name=\"suhlas\" value=\"1\" aria-invalid=\"false\" \/><span class=\"wpcf7-list-item-label\">S\u00fahlas\u00edm so <a href=\"https:\/\/shop.commander.sk\/zasady-ochrany-osobnych-udajov\/\" target=\"_blank\">spracovan\u00edm osobn\u00fdch \u00fadajov<\/a><\/span><\/label><\/span><\/span><\/span>   <div class=\"cf7-cf-turnstile\" style=\"margin-top: -10px; margin-bottom: -15px;\"> <div id=\"cf-turnstile-cf7-4171103773\" class=\"cf-turnstile\" data-sitekey=\"0x4AAAAAAASQtpDPymeoTb8P\" data-theme=\"light\" data-language=\"auto\" data-retry=\"auto\" data-retry-interval=\"1000\" data-action=\"contact-form-7\" data-appearance=\"always\"><\/div> <script>document.addEventListener(\"DOMContentLoaded\",(function(){var e=document.getElementById(\"cf-turnstile-cf7-4171103773\");e&&turnstile.render(\"#cf-turnstile-cf7-4171103773\",{sitekey:\"0x4AAAAAAASQtpDPymeoTb8P\"})}));<\/script> <br class=\"cf-turnstile-br cf-turnstile-br-cf7-4171103773\"> <style>#cf-turnstile-cf7-4171103773 { margin-left: -15px; }<\/style> <script>document.addEventListener(\"DOMContentLoaded\",function(){document.querySelectorAll('.wpcf7-form').forEach(function(e){e.addEventListener('submit',function(){if(document.getElementById('cf-turnstile-cf7-4171103773')){setTimeout(function(){turnstile.render('#cf-turnstile-cf7-4171103773');},4000)}})})});<\/script> <\/div><\/p>\n<div class=\"col-12\">\n            <input type=\"submit\" value=\"Odosla\u0165\" class=\"wpcf7-form-control wpcf7-submit btn btn-default\" \/>\n        <\/div>\n<\/div>\n<p style=\"display: none !important;\"><label>&#916;<textarea name=\"_wpcf7_ak_hp_textarea\" cols=\"45\" rows=\"8\" maxlength=\"100\"><\/textarea><\/label><input type=\"hidden\" id=\"ak_js_1\" name=\"_wpcf7_ak_js\" value=\"191\"\/><script>document.getElementById( \"ak_js_1\" ).setAttribute( \"value\", ( new Date() ).getTime() );<\/script><\/p><div class=\"wpcf7-response-output\" aria-hidden=\"true\"><\/div><\/form><\/div><\/div>\n\t\t\t\t<\/div>\n\t\t\t\t<\/div>\n\t\t\t\t\t\t<\/div>\n\t\t\t\t\t<\/div>\n\t\t<\/div>\n\t\t\t\t<div class=\"elementor-column elementor-col-50 elementor-top-column elementor-element elementor-element-06ec9b4\" data-id=\"06ec9b4\" data-element_type=\"column\">\n\t\t\t<div class=\"elementor-column-wrap elementor-element-populated\">\n\t\t\t\t\t\t\t<div class=\"elementor-widget-wrap\">\n\t\t\t\t\t\t<div class=\"elementor-element elementor-element-ae0fee3 elementor-widget elementor-widget-text-editor\" data-id=\"ae0fee3\" data-element_type=\"widget\" data-widget_type=\"text-editor.default\">\n\t\t\t\t<div class=\"elementor-widget-container\">\n\t\t\t\t\t\t\t\t<div class=\"elementor-text-editor elementor-clearfix\">\n\t\t\t\t\t<p>Commander Services s.r.o.<br \/>Digital Park II<br \/>Einsteinova 23<br \/>851 01\u00a0 Bratislava<\/p><p>I\u010cO: 511 834 55<br \/>DI\u010c: 212 061 9270<br \/>I\u010cDPH: SK2120619270<\/p>\t\t\t\t\t<\/div>\n\t\t\t\t\t\t<\/div>\n\t\t\t\t<\/div>\n\t\t\t\t<section class=\"elementor-section elementor-inner-section elementor-element elementor-element-1a4da7b elementor-section-boxed elementor-section-height-default elementor-section-height-default\" data-id=\"1a4da7b\" data-element_type=\"section\">\n\t\t\t\t\t\t<div class=\"elementor-container elementor-column-gap-default\">\n\t\t\t\t\t\t\t<div class=\"elementor-row\">\n\t\t\t\t\t<div class=\"elementor-column elementor-col-50 elementor-inner-column elementor-element elementor-element-3a60b64\" data-id=\"3a60b64\" data-element_type=\"column\">\n\t\t\t<div class=\"elementor-column-wrap elementor-element-populated\">\n\t\t\t\t\t\t\t<div class=\"elementor-widget-wrap\">\n\t\t\t\t\t\t<div class=\"elementor-element elementor-element-2bd9936 elementor-view-default elementor-widget elementor-widget-icon\" data-id=\"2bd9936\" data-element_type=\"widget\" data-widget_type=\"icon.default\">\n\t\t\t\t<div class=\"elementor-widget-container\">\n\t\t\t\t\t<div class=\"elementor-icon-wrapper\">\n\t\t\t<div class=\"elementor-icon\">\n\t\t\t<i aria-hidden=\"true\" class=\"tb-icon tb-icon-email\"><\/i>\t\t\t<\/div>\n\t\t<\/div>\n\t\t\t\t<\/div>\n\t\t\t\t<\/div>\n\t\t\t\t\t\t<\/div>\n\t\t\t\t\t<\/div>\n\t\t<\/div>\n\t\t\t\t<div class=\"elementor-column elementor-col-50 elementor-inner-column elementor-element elementor-element-95aa1b6\" data-id=\"95aa1b6\" data-element_type=\"column\">\n\t\t\t<div class=\"elementor-column-wrap elementor-element-populated\">\n\t\t\t\t\t\t\t<div class=\"elementor-widget-wrap\">\n\t\t\t\t\t\t<div class=\"elementor-element elementor-element-cce9b33 elementor-widget elementor-widget-text-editor\" data-id=\"cce9b33\" data-element_type=\"widget\" data-widget_type=\"text-editor.default\">\n\t\t\t\t<div class=\"elementor-widget-container\">\n\t\t\t\t\t\t\t\t<div class=\"elementor-text-editor elementor-clearfix\">\n\t\t\t\t\t<p><strong>dopyty@commander.sk<\/strong><\/p>\t\t\t\t\t<\/div>\n\t\t\t\t\t\t<\/div>\n\t\t\t\t<\/div>\n\t\t\t\t\t\t<\/div>\n\t\t\t\t\t<\/div>\n\t\t<\/div>\n\t\t\t\t\t\t\t\t<\/div>\n\t\t\t\t\t<\/div>\n\t\t<\/section>\n\t\t\t\t<div class=\"elementor-element elementor-element-13bf48e elementor-shape-square e-grid-align-left elementor-hidden-desktop elementor-hidden-tablet elementor-hidden-phone elementor-grid-0 elementor-widget elementor-widget-social-icons\" data-id=\"13bf48e\" data-element_type=\"widget\" data-widget_type=\"social-icons.default\">\n\t\t\t\t<div class=\"elementor-widget-container\">\n\t\t\t\t\t<div class=\"elementor-social-icons-wrapper elementor-grid\">\n\t\t\t\t\t\t\t<span class=\"elementor-grid-item\">\n\t\t\t\t\t<a class=\"elementor-icon elementor-social-icon elementor-social-icon-zmdi-facebook elementor-repeater-item-ca3f9a4\" href=\"https:\/\/www.facebook.com\/commander.services\/\" target=\"_blank\">\n\t\t\t\t\t\t<span class=\"elementor-screen-only\">Zmdi-facebook<\/span>\n\t\t\t\t\t\t<i class=\"zmdi zmdi-facebook\"><\/i>\t\t\t\t\t<\/a>\n\t\t\t\t<\/span>\n\t\t\t\t\t\t\t<span class=\"elementor-grid-item\">\n\t\t\t\t\t<a class=\"elementor-icon elementor-social-icon elementor-social-icon-zmdi-youtube-play elementor-repeater-item-dfcc7f2\" href=\"https:\/\/www.youtube.com\/channel\/UCh3VitiTJvDr2_W3IdXJLXA?view_as=subscriber\" target=\"_blank\">\n\t\t\t\t\t\t<span class=\"elementor-screen-only\">Zmdi-youtube-play<\/span>\n\t\t\t\t\t\t<i class=\"zmdi zmdi-youtube-play\"><\/i>\t\t\t\t\t<\/a>\n\t\t\t\t<\/span>\n\t\t\t\t\t\t\t<span class=\"elementor-grid-item\">\n\t\t\t\t\t<a class=\"elementor-icon elementor-social-icon elementor-social-icon-linkedin elementor-repeater-item-4546091\" href=\"https:\/\/www.linkedin.com\/company\/commander-systems-s.r.o.\/\" target=\"_blank\">\n\t\t\t\t\t\t<span class=\"elementor-screen-only\">Linkedin<\/span>\n\t\t\t\t\t\t<i class=\"fab fa-linkedin\"><\/i>\t\t\t\t\t<\/a>\n\t\t\t\t<\/span>\n\t\t\t\t\t<\/div>\n\t\t\t\t<\/div>\n\t\t\t\t<\/div>\n\t\t\t\t\t\t<\/div>\n\t\t\t\t\t<\/div>\n\t\t<\/div>\n\t\t\t\t\t\t\t\t<\/div>\n\t\t\t\t\t<\/div>\n\t\t<\/section>\n\t\t\t\t\t\t<\/div>\n\t\t\t\t\t\t<\/div>\n\t\t\t\t\t<\/div>\n\t\t","protected":false},"excerpt":{"rendered":"<p>Kontaktujte n\u00e1s Commander Services s.r.o.Digital Park IIEinsteinova 23851 01\u00a0 Bratislava I\u010cO: 511 834 55DI\u010c: 212 061 9270I\u010cDPH: SK2120619270 dopyty@commander.sk Zmdi-facebook Zmdi-youtube-play Linkedin<\/p>\n","protected":false},"author":1,"featured_media":2140,"parent":0,"menu_order":0,"comment_status":"closed","ping_status":"closed","template":"","meta":{"_links_to":"","_links_to_target":""},"acf":[],"yoast_head":"<!-- This site is optimized with the Yoast SEO plugin v18.4.1 - https:\/\/yoast.com\/wordpress\/plugins\/seo\/ -->\n<title>Kontakt - Commander Services<\/title>\n<meta name=\"description\" content=\"V\u0161etky dostupn\u00e9 sp\u00f4soby, ako n\u00e1s m\u00f4\u017eete kontaktova\u0165. S\u00eddlo firmy, email a telf\u00f3n na hotline aj kontaktn\u00fd formul\u00e1r.\" \/>\n<meta name=\"robots\" content=\"index, follow, max-snippet:-1, max-image-preview:large, max-video-preview:-1\" \/>\n<link rel=\"canonical\" href=\"https:\/\/shop.commander.sk\/sk\/kontakt\/\" \/>\n<meta property=\"og:locale\" content=\"sk_SK\" \/>\n<meta property=\"og:type\" content=\"article\" \/>\n<meta property=\"og:title\" content=\"Kontakt - Commander Services\" \/>\n<meta property=\"og:description\" content=\"V\u0161etky dostupn\u00e9 sp\u00f4soby, ako n\u00e1s m\u00f4\u017eete kontaktova\u0165. S\u00eddlo firmy, email a telf\u00f3n na hotline aj kontaktn\u00fd formul\u00e1r.\" \/>\n<meta property=\"og:url\" content=\"https:\/\/shop.commander.sk\/sk\/kontakt\/\" \/>\n<meta property=\"og:site_name\" content=\"Commander Services\" \/>\n<meta property=\"article:modified_time\" content=\"2025-05-26T06:38:35+00:00\" \/>\n<meta property=\"og:image\" content=\"https:\/\/shop.commander.sk\/wp-content\/uploads\/2020\/10\/commander_icon.png\" \/>\n\t<meta property=\"og:image:width\" content=\"200\" \/>\n\t<meta property=\"og:image:height\" content=\"200\" \/>\n\t<meta property=\"og:image:type\" content=\"image\/png\" \/>\n<meta name=\"twitter:card\" content=\"summary_large_image\" \/>\n<meta name=\"twitter:label1\" content=\"Predpokladan\u00fd \u010das \u010d\u00edtania\" \/>\n\t<meta name=\"twitter:data1\" content=\"1 min\u00fata\" \/>\n<script type=\"application\/ld+json\" class=\"yoast-schema-graph\">{\"@context\":\"https:\/\/schema.org\",\"@graph\":[{\"@type\":\"WebSite\",\"@id\":\"https:\/\/shop.commander.sk\/#website\",\"url\":\"https:\/\/shop.commander.sk\/\",\"name\":\"Commander Services\",\"description\":\"\",\"potentialAction\":[{\"@type\":\"SearchAction\",\"target\":{\"@type\":\"EntryPoint\",\"urlTemplate\":\"https:\/\/shop.commander.sk\/?s={search_term_string}\"},\"query-input\":\"required name=search_term_string\"}],\"inLanguage\":\"sk-SK\"},{\"@type\":\"ImageObject\",\"@id\":\"https:\/\/shop.commander.sk\/kontakt\/#primaryimage\",\"inLanguage\":\"sk-SK\",\"url\":\"https:\/\/shop.commander.sk\/wp-content\/uploads\/2020\/10\/commander_icon.png\",\"contentUrl\":\"https:\/\/shop.commander.sk\/wp-content\/uploads\/2020\/10\/commander_icon.png\",\"width\":200,\"height\":200,\"caption\":\"commander icon\"},{\"@type\":\"WebPage\",\"@id\":\"https:\/\/shop.commander.sk\/kontakt\/#webpage\",\"url\":\"https:\/\/shop.commander.sk\/kontakt\/\",\"name\":\"Kontakt - Commander Services\",\"isPartOf\":{\"@id\":\"https:\/\/shop.commander.sk\/#website\"},\"primaryImageOfPage\":{\"@id\":\"https:\/\/shop.commander.sk\/kontakt\/#primaryimage\"},\"datePublished\":\"2020-06-05T01:45:23+00:00\",\"dateModified\":\"2025-05-26T06:38:35+00:00\",\"description\":\"V\u0161etky dostupn\u00e9 sp\u00f4soby, ako n\u00e1s m\u00f4\u017eete kontaktova\u0165. S\u00eddlo firmy, email a telf\u00f3n na hotline aj kontaktn\u00fd formul\u00e1r.\",\"breadcrumb\":{\"@id\":\"https:\/\/shop.commander.sk\/kontakt\/#breadcrumb\"},\"inLanguage\":\"sk-SK\",\"potentialAction\":[{\"@type\":\"ReadAction\",\"target\":[\"https:\/\/shop.commander.sk\/kontakt\/\"]}]},{\"@type\":\"BreadcrumbList\",\"@id\":\"https:\/\/shop.commander.sk\/kontakt\/#breadcrumb\",\"itemListElement\":[{\"@type\":\"ListItem\",\"position\":1,\"name\":\"Domovsk\u00e1 str\u00e1nka\",\"item\":\"https:\/\/shop.commander.sk\/\"},{\"@type\":\"ListItem\",\"position\":2,\"name\":\"Kontakt\"}]}]}<\/script>\n<!-- \/ Yoast SEO plugin. -->","yoast_head_json":{"title":"Kontakt - Commander Services","description":"V\u0161etky dostupn\u00e9 sp\u00f4soby, ako n\u00e1s m\u00f4\u017eete kontaktova\u0165. S\u00eddlo firmy, email a telf\u00f3n na hotline aj kontaktn\u00fd formul\u00e1r.","robots":{"index":"index","follow":"follow","max-snippet":"max-snippet:-1","max-image-preview":"max-image-preview:large","max-video-preview":"max-video-preview:-1"},"canonical":"https:\/\/shop.commander.sk\/sk\/kontakt\/","og_locale":"sk_SK","og_type":"article","og_title":"Kontakt - Commander Services","og_description":"V\u0161etky dostupn\u00e9 sp\u00f4soby, ako n\u00e1s m\u00f4\u017eete kontaktova\u0165. S\u00eddlo firmy, email a telf\u00f3n na hotline aj kontaktn\u00fd formul\u00e1r.","og_url":"https:\/\/shop.commander.sk\/sk\/kontakt\/","og_site_name":"Commander Services","article_modified_time":"2025-05-26T06:38:35+00:00","og_image":[{"width":200,"height":200,"url":"https:\/\/shop.commander.sk\/wp-content\/uploads\/2020\/10\/commander_icon.png","type":"image\/png"}],"twitter_card":"summary_large_image","twitter_misc":{"Predpokladan\u00fd \u010das \u010d\u00edtania":"1 min\u00fata"},"schema":{"@context":"https:\/\/schema.org","@graph":[{"@type":"WebSite","@id":"https:\/\/shop.commander.sk\/#website","url":"https:\/\/shop.commander.sk\/","name":"Commander Services","description":"","potentialAction":[{"@type":"SearchAction","target":{"@type":"EntryPoint","urlTemplate":"https:\/\/shop.commander.sk\/?s={search_term_string}"},"query-input":"required name=search_term_string"}],"inLanguage":"sk-SK"},{"@type":"ImageObject","@id":"https:\/\/shop.commander.sk\/kontakt\/#primaryimage","inLanguage":"sk-SK","url":"https:\/\/shop.commander.sk\/wp-content\/uploads\/2020\/10\/commander_icon.png","contentUrl":"https:\/\/shop.commander.sk\/wp-content\/uploads\/2020\/10\/commander_icon.png","width":200,"height":200,"caption":"commander icon"},{"@type":"WebPage","@id":"https:\/\/shop.commander.sk\/kontakt\/#webpage","url":"https:\/\/shop.commander.sk\/kontakt\/","name":"Kontakt - Commander Services","isPartOf":{"@id":"https:\/\/shop.commander.sk\/#website"},"primaryImageOfPage":{"@id":"https:\/\/shop.commander.sk\/kontakt\/#primaryimage"},"datePublished":"2020-06-05T01:45:23+00:00","dateModified":"2025-05-26T06:38:35+00:00","description":"V\u0161etky dostupn\u00e9 sp\u00f4soby, ako n\u00e1s m\u00f4\u017eete kontaktova\u0165. S\u00eddlo firmy, email a telf\u00f3n na hotline aj kontaktn\u00fd formul\u00e1r.","breadcrumb":{"@id":"https:\/\/shop.commander.sk\/kontakt\/#breadcrumb"},"inLanguage":"sk-SK","potentialAction":[{"@type":"ReadAction","target":["https:\/\/shop.commander.sk\/kontakt\/"]}]},{"@type":"BreadcrumbList","@id":"https:\/\/shop.commander.sk\/kontakt\/#breadcrumb","itemListElement":[{"@type":"ListItem","position":1,"name":"Domovsk\u00e1 str\u00e1nka","item":"https:\/\/shop.commander.sk\/"},{"@type":"ListItem","position":2,"name":"Kontakt"}]}]}},"_links":{"self":[{"href":"https:\/\/shop.commander.sk\/sk\/wp-json\/wp\/v2\/pages\/584"}],"collection":[{"href":"https:\/\/shop.commander.sk\/sk\/wp-json\/wp\/v2\/pages"}],"about":[{"href":"https:\/\/shop.commander.sk\/sk\/wp-json\/wp\/v2\/types\/page"}],"author":[{"embeddable":true,"href":"https:\/\/shop.commander.sk\/sk\/wp-json\/wp\/v2\/users\/1"}],"replies":[{"embeddable":true,"href":"https:\/\/shop.commander.sk\/sk\/wp-json\/wp\/v2\/comments?post=584"}],"version-history":[{"count":6,"href":"https:\/\/shop.commander.sk\/sk\/wp-json\/wp\/v2\/pages\/584\/revisions"}],"predecessor-version":[{"id":6354,"href":"https:\/\/shop.commander.sk\/sk\/wp-json\/wp\/v2\/pages\/584\/revisions\/6354"}],"wp:featuredmedia":[{"embeddable":true,"href":"https:\/\/shop.commander.sk\/sk\/wp-json\/wp\/v2\/media\/2140"}],"wp:attachment":[{"href":"https:\/\/shop.commander.sk\/sk\/wp-json\/wp\/v2\/media?parent=584"}],"curies":[{"name":"wp","href":"https:\/\/api.w.org\/{rel}","templated":true}]}}