{"id":603,"date":"2020-06-05T09:02:13","date_gmt":"2020-06-05T02:02:13","guid":{"rendered":"https:\/\/elementor.thembay.com\/diza\/?page_id=603"},"modified":"2023-12-14T07:27:26","modified_gmt":"2023-12-14T06:27:26","slug":"najcastejsie-otazky-a-odpovede","status":"publish","type":"page","link":"https:\/\/shop.commander.sk\/sk\/najcastejsie-otazky-a-odpovede\/","title":{"rendered":"FAQ"},"content":{"rendered":"\t\t<div data-elementor-type=\"wp-page\" data-elementor-id=\"603\" class=\"elementor elementor-603\" data-elementor-settings=\"[]\">\n\t\t\t\t\t\t<div class=\"elementor-inner\">\n\t\t\t\t\t\t\t<div class=\"elementor-section-wrap\">\n\t\t\t\t\t\t\t<section class=\"elementor-section elementor-top-section elementor-element elementor-element-b8f4966 elementor-section-stretched elementor-hidden-desktop elementor-hidden-tablet elementor-hidden-phone elementor-section-boxed elementor-section-height-default elementor-section-height-default\" data-id=\"b8f4966\" data-element_type=\"section\" data-settings=\"{&quot;stretch_section&quot;:&quot;section-stretched&quot;}\">\n\t\t\t\t\t\t<div class=\"elementor-container elementor-column-gap-default\">\n\t\t\t\t\t\t\t<div class=\"elementor-row\">\n\t\t\t\t\t<div class=\"elementor-column elementor-col-100 elementor-top-column elementor-element elementor-element-4f95193\" data-id=\"4f95193\" data-element_type=\"column\">\n\t\t\t<div class=\"elementor-column-wrap elementor-element-populated\">\n\t\t\t\t\t\t\t<div class=\"elementor-widget-wrap\">\n\t\t\t\t\t\t<div class=\"elementor-element elementor-element-d344e5e elementor-widget elementor-widget-tbay-heading\" data-id=\"d344e5e\" data-element_type=\"widget\" data-widget_type=\"tbay-heading.default\">\n\t\t\t\t<div class=\"elementor-widget-container\">\n\t\t\t\r\n<div class=\"tbay-element tbay-element-heading\">\r\n\t            <h1 class=\"heading-tbay-title\">\r\n\r\n                \r\n\t\t\t\t\t\t\t\t\t<span class=\"title\">Naj\u010dastej\u0161ie ot\u00e1zky a odpovede<\/span>\r\n\t\t\t\t\t    \t\r\n\t\t\t\t\t\t\t<\/h1>\r\n\t\t<\/div>\t\t<\/div>\n\t\t\t\t<\/div>\n\t\t\t\t\t\t<\/div>\n\t\t\t\t\t<\/div>\n\t\t<\/div>\n\t\t\t\t\t\t\t\t<\/div>\n\t\t\t\t\t<\/div>\n\t\t<\/section>\n\t\t\t\t<section class=\"elementor-section elementor-top-section elementor-element elementor-element-688d743 elementor-section-stretched elementor-section-boxed elementor-section-height-default elementor-section-height-default\" data-id=\"688d743\" data-element_type=\"section\" data-settings=\"{&quot;stretch_section&quot;:&quot;section-stretched&quot;}\">\n\t\t\t\t\t\t<div class=\"elementor-container elementor-column-gap-default\">\n\t\t\t\t\t\t\t<div class=\"elementor-row\">\n\t\t\t\t\t<div class=\"elementor-column elementor-col-100 elementor-top-column elementor-element elementor-element-c15a708\" data-id=\"c15a708\" data-element_type=\"column\">\n\t\t\t<div class=\"elementor-column-wrap elementor-element-populated\">\n\t\t\t\t\t\t\t<div class=\"elementor-widget-wrap\">\n\t\t\t\t\t\t<div class=\"elementor-element elementor-element-5f9e01e elementor-widget elementor-widget-tbay-heading\" data-id=\"5f9e01e\" data-element_type=\"widget\" data-widget_type=\"tbay-heading.default\">\n\t\t\t\t<div class=\"elementor-widget-container\">\n\t\t\t\r\n<div class=\"tbay-element tbay-element-heading\">\r\n\t            <h3 class=\"heading-tbay-title\">\r\n\r\n                \r\n\t\t\t\t\t\t\t\t\t<span class=\"title\">Naj\u010dastej\u0161ie ot\u00e1zky<\/span>\r\n\t\t\t\t\t    \t\r\n\t\t\t\t\t\t\t<\/h3>\r\n\t\t<\/div>\t\t<\/div>\n\t\t\t\t<\/div>\n\t\t\t\t\t\t<\/div>\n\t\t\t\t\t<\/div>\n\t\t<\/div>\n\t\t\t\t\t\t\t\t<\/div>\n\t\t\t\t\t<\/div>\n\t\t<\/section>\n\t\t\t\t<section class=\"elementor-section elementor-top-section elementor-element elementor-element-46fa028 elementor-section-stretched elementor-section-boxed elementor-section-height-default elementor-section-height-default\" data-id=\"46fa028\" data-element_type=\"section\" data-settings=\"{&quot;stretch_section&quot;:&quot;section-stretched&quot;}\">\n\t\t\t\t\t\t<div class=\"elementor-container elementor-column-gap-default\">\n\t\t\t\t\t\t\t<div class=\"elementor-row\">\n\t\t\t\t\t<div class=\"elementor-column elementor-col-100 elementor-top-column elementor-element elementor-element-c51d3a5\" data-id=\"c51d3a5\" data-element_type=\"column\">\n\t\t\t<div class=\"elementor-column-wrap elementor-element-populated\">\n\t\t\t\t\t\t\t<div class=\"elementor-widget-wrap\">\n\t\t\t\t\t\t<div class=\"elementor-element elementor-element-80a0bc9 elementor-widget elementor-widget-heading\" data-id=\"80a0bc9\" data-element_type=\"widget\" data-widget_type=\"heading.default\">\n\t\t\t\t<div class=\"elementor-widget-container\">\n\t\t\t<h4 class=\"elementor-heading-title elementor-size-default\">Pr\u00edstup do syst\u00e9mu<\/h4>\t\t<\/div>\n\t\t\t\t<\/div>\n\t\t\t\t<div class=\"elementor-element elementor-element-e8d4ce5 elementor-widget elementor-widget-accordion\" data-id=\"e8d4ce5\" data-element_type=\"widget\" data-widget_type=\"accordion.default\">\n\t\t\t\t<div class=\"elementor-widget-container\">\n\t\t\t\t\t<div class=\"elementor-accordion\" role=\"tablist\">\n\t\t\t\t\t\t\t<div class=\"elementor-accordion-item\">\n\t\t\t\t\t<div id=\"elementor-tab-title-2441\" class=\"elementor-tab-title\" data-tab=\"1\" role=\"tab\" aria-controls=\"elementor-tab-content-2441\" aria-expanded=\"false\">\n\t\t\t\t\t\t\t\t\t\t\t\t\t<span class=\"elementor-accordion-icon elementor-accordion-icon-left\" aria-hidden=\"true\">\n\t\t\t\t\t\t\t\t\t\t\t\t\t\t\t<span class=\"elementor-accordion-icon-closed\"><i class=\"fas fa-plus\"><\/i><\/span>\n\t\t\t\t\t\t\t\t<span class=\"elementor-accordion-icon-opened\"><i class=\"fas fa-minus\"><\/i><\/span>\n\t\t\t\t\t\t\t\t\t\t\t\t\t\t<\/span>\n\t\t\t\t\t\t\t\t\t\t\t\t<a class=\"elementor-accordion-title\" href=\"\">Ako sa prihl\u00e1sim do syst\u00e9mu Commander Control Car v mobilnej aplik\u00e1cii?<\/a>\n\t\t\t\t\t<\/div>\n\t\t\t\t\t<div id=\"elementor-tab-content-2441\" class=\"elementor-tab-content elementor-clearfix\" data-tab=\"1\" role=\"tabpanel\" aria-labelledby=\"elementor-tab-title-2441\"><p>Do syst\u00e9mu Commander Control Car sa m\u00f4\u017eete prihl\u00e1si\u0165 aj prostredn\u00edctvom mobilnej aplik\u00e1cie, ktor\u00fa si stiahnete pre iOS aj pre Android. Prihlasovacie \u00fadaje do aplik\u00e1cie s\u00fa rovnak\u00e9 ako pri prihlasovan\u00ed cez webov\u00fa str\u00e1nku. Viac o\u00a0mobilnej aplik\u00e1cii sa dozviete v \u010dl\u00e1nku na na\u0161om blogu.<\/p><\/div>\n\t\t\t\t<\/div>\n\t\t\t\t\t\t\t\t<\/div>\n\t\t\t\t<\/div>\n\t\t\t\t<\/div>\n\t\t\t\t\t\t<\/div>\n\t\t\t\t\t<\/div>\n\t\t<\/div>\n\t\t\t\t\t\t\t\t<\/div>\n\t\t\t\t\t<\/div>\n\t\t<\/section>\n\t\t\t\t<section class=\"elementor-section elementor-top-section elementor-element elementor-element-76c5971 elementor-section-stretched elementor-section-boxed elementor-section-height-default elementor-section-height-default\" data-id=\"76c5971\" data-element_type=\"section\" data-settings=\"{&quot;stretch_section&quot;:&quot;section-stretched&quot;}\">\n\t\t\t\t\t\t<div class=\"elementor-container elementor-column-gap-default\">\n\t\t\t\t\t\t\t<div class=\"elementor-row\">\n\t\t\t\t\t<div class=\"elementor-column elementor-col-100 elementor-top-column elementor-element elementor-element-4e67ff2\" data-id=\"4e67ff2\" data-element_type=\"column\">\n\t\t\t<div class=\"elementor-column-wrap elementor-element-populated\">\n\t\t\t\t\t\t\t<div class=\"elementor-widget-wrap\">\n\t\t\t\t\t\t<div class=\"elementor-element elementor-element-4ac95ae elementor-widget elementor-widget-heading\" data-id=\"4ac95ae\" data-element_type=\"widget\" data-widget_type=\"heading.default\">\n\t\t\t\t<div class=\"elementor-widget-container\">\n\t\t\t<h4 class=\"elementor-heading-title elementor-size-default\">Konkr\u00e9tne pr\u00edklady v syst\u00e9me CCC<\/h4>\t\t<\/div>\n\t\t\t\t<\/div>\n\t\t\t\t<div class=\"elementor-element elementor-element-ec2ce3d elementor-widget elementor-widget-accordion\" data-id=\"ec2ce3d\" data-element_type=\"widget\" data-widget_type=\"accordion.default\">\n\t\t\t\t<div class=\"elementor-widget-container\">\n\t\t\t\t\t<div class=\"elementor-accordion\" role=\"tablist\">\n\t\t\t\t\t\t\t<div class=\"elementor-accordion-item\">\n\t\t\t\t\t<div id=\"elementor-tab-title-2471\" class=\"elementor-tab-title\" data-tab=\"1\" role=\"tab\" aria-controls=\"elementor-tab-content-2471\" aria-expanded=\"false\">\n\t\t\t\t\t\t\t\t\t\t\t\t\t<span class=\"elementor-accordion-icon elementor-accordion-icon-left\" aria-hidden=\"true\">\n\t\t\t\t\t\t\t\t\t\t\t\t\t\t\t<span class=\"elementor-accordion-icon-closed\"><i class=\"fas fa-plus\"><\/i><\/span>\n\t\t\t\t\t\t\t\t<span class=\"elementor-accordion-icon-opened\"><i class=\"fas fa-minus\"><\/i><\/span>\n\t\t\t\t\t\t\t\t\t\t\t\t\t\t<\/span>\n\t\t\t\t\t\t\t\t\t\t\t\t<a class=\"elementor-accordion-title\" href=\"\">Vozidlo je v pohybe, ale v preh\u013eade j\u00e1zd (v online okne pod mapou) svieti 0 km, \u017eiadna jazda. Pre\u010do je to tak?<\/a>\n\t\t\t\t\t<\/div>\n\t\t\t\t\t<div id=\"elementor-tab-content-2471\" class=\"elementor-tab-content elementor-clearfix\" data-tab=\"1\" role=\"tabpanel\" aria-labelledby=\"elementor-tab-title-2471\"><p>Ide pravdepodobne o prv\u00fa jazdu dne\u0161n\u00e9ho d\u0148a a jazda e\u0161te nebola ukon\u010den\u00e1. Syst\u00e9m jazdu e\u0161te nevygeneroval a\u00a0preto nie je v preh\u013eade j\u00e1zd. A\u017e pri prvom zastaven\u00ed vozidla a vypnut\u00ed zapa\u013eovania sa jazda vygeneruje a zobraz\u00ed v preh\u013eade j\u00e1zd. Dovtedy m\u00f4\u017eete jazdu sledova\u0165 na mape (pri otvoren\u00ed v novom okne), od jej za\u010diatku a\u017e po aktu\u00e1lnu poz\u00edciu.<\/p><\/div>\n\t\t\t\t<\/div>\n\t\t\t\t\t\t\t\t<\/div>\n\t\t\t\t<\/div>\n\t\t\t\t<\/div>\n\t\t\t\t\t\t<\/div>\n\t\t\t\t\t<\/div>\n\t\t<\/div>\n\t\t\t\t\t\t\t\t<\/div>\n\t\t\t\t\t<\/div>\n\t\t<\/section>\n\t\t\t\t\t\t<\/div>\n\t\t\t\t\t\t<\/div>\n\t\t\t\t\t<\/div>\n\t\t","protected":false},"excerpt":{"rendered":"<p>Naj\u010dastej\u0161ie ot\u00e1zky a odpovede Naj\u010dastej\u0161ie ot\u00e1zky Pr\u00edstup do syst\u00e9mu Ako sa prihl\u00e1sim do syst\u00e9mu Commander Control Car v mobilnej aplik\u00e1cii? Do syst\u00e9mu Commander Control Car sa m\u00f4\u017eete prihl\u00e1si\u0165 aj prostredn\u00edctvom mobilnej aplik\u00e1cie, ktor\u00fa si stiahnete pre iOS aj pre Android. Prihlasovacie \u00fadaje do aplik\u00e1cie s\u00fa rovnak\u00e9 ako pri prihlasovan\u00ed cez webov\u00fa str\u00e1nku. Viac o&nbsp;mobilnej aplik\u00e1cii &hellip; <a href=\"https:\/\/shop.commander.sk\/sk\/najcastejsie-otazky-a-odpovede\/\" class=\"more-link\">Continue reading <span class=\"screen-reader-text\">FAQ<\/span><\/a><\/p>\n","protected":false},"author":1,"featured_media":2140,"parent":0,"menu_order":0,"comment_status":"closed","ping_status":"closed","template":"","meta":{"_links_to":"","_links_to_target":""},"acf":[],"yoast_head":"<!-- This site is optimized with the Yoast SEO plugin v18.4.1 - https:\/\/yoast.com\/wordpress\/plugins\/seo\/ -->\n<title>Naj\u010dastej\u0161ie ot\u00e1zky a odpovede - Commander Services<\/title>\n<meta name=\"description\" content=\"Sme tu pre svojich klientov a ich spokojnos\u0165 kladieme na prv\u00e9 miesto. Preto sme zozbierali Va\u0161e naj\u010dastej\u0161ie ot\u00e1zky a odpovede.\" \/>\n<meta name=\"robots\" content=\"index, follow, max-snippet:-1, max-image-preview:large, max-video-preview:-1\" \/>\n<link rel=\"canonical\" href=\"https:\/\/shop.commander.sk\/sk\/najcastejsie-otazky-a-odpovede\/\" \/>\n<meta property=\"og:locale\" content=\"sk_SK\" \/>\n<meta property=\"og:type\" content=\"article\" \/>\n<meta property=\"og:title\" content=\"Naj\u010dastej\u0161ie ot\u00e1zky a odpovede - Commander Services\" \/>\n<meta property=\"og:description\" content=\"Sme tu pre svojich klientov a ich spokojnos\u0165 kladieme na prv\u00e9 miesto. Preto sme zozbierali Va\u0161e naj\u010dastej\u0161ie ot\u00e1zky a odpovede.\" \/>\n<meta property=\"og:url\" content=\"https:\/\/shop.commander.sk\/sk\/najcastejsie-otazky-a-odpovede\/\" \/>\n<meta property=\"og:site_name\" content=\"Commander Services\" \/>\n<meta property=\"article:modified_time\" content=\"2023-12-14T06:27:26+00:00\" \/>\n<meta property=\"og:image\" content=\"https:\/\/shop.commander.sk\/wp-content\/uploads\/2020\/10\/commander_icon.png\" \/>\n\t<meta property=\"og:image:width\" content=\"200\" \/>\n\t<meta property=\"og:image:height\" content=\"200\" \/>\n\t<meta property=\"og:image:type\" content=\"image\/png\" \/>\n<meta name=\"twitter:card\" content=\"summary_large_image\" \/>\n<meta name=\"twitter:label1\" content=\"Predpokladan\u00fd \u010das \u010d\u00edtania\" \/>\n\t<meta name=\"twitter:data1\" content=\"1 min\u00fata\" \/>\n<script type=\"application\/ld+json\" class=\"yoast-schema-graph\">{\"@context\":\"https:\/\/schema.org\",\"@graph\":[{\"@type\":\"WebSite\",\"@id\":\"https:\/\/shop.commander.sk\/#website\",\"url\":\"https:\/\/shop.commander.sk\/\",\"name\":\"Commander Services\",\"description\":\"\",\"potentialAction\":[{\"@type\":\"SearchAction\",\"target\":{\"@type\":\"EntryPoint\",\"urlTemplate\":\"https:\/\/shop.commander.sk\/?s={search_term_string}\"},\"query-input\":\"required name=search_term_string\"}],\"inLanguage\":\"sk-SK\"},{\"@type\":\"ImageObject\",\"@id\":\"https:\/\/shop.commander.sk\/najcastejsie-otazky-a-odpovede\/#primaryimage\",\"inLanguage\":\"sk-SK\",\"url\":\"https:\/\/shop.commander.sk\/wp-content\/uploads\/2020\/10\/commander_icon.png\",\"contentUrl\":\"https:\/\/shop.commander.sk\/wp-content\/uploads\/2020\/10\/commander_icon.png\",\"width\":200,\"height\":200,\"caption\":\"commander icon\"},{\"@type\":\"WebPage\",\"@id\":\"https:\/\/shop.commander.sk\/najcastejsie-otazky-a-odpovede\/#webpage\",\"url\":\"https:\/\/shop.commander.sk\/najcastejsie-otazky-a-odpovede\/\",\"name\":\"Naj\u010dastej\u0161ie ot\u00e1zky a odpovede - Commander Services\",\"isPartOf\":{\"@id\":\"https:\/\/shop.commander.sk\/#website\"},\"primaryImageOfPage\":{\"@id\":\"https:\/\/shop.commander.sk\/najcastejsie-otazky-a-odpovede\/#primaryimage\"},\"datePublished\":\"2020-06-05T02:02:13+00:00\",\"dateModified\":\"2023-12-14T06:27:26+00:00\",\"description\":\"Sme tu pre svojich klientov a ich spokojnos\u0165 kladieme na prv\u00e9 miesto. Preto sme zozbierali Va\u0161e naj\u010dastej\u0161ie ot\u00e1zky a odpovede.\",\"breadcrumb\":{\"@id\":\"https:\/\/shop.commander.sk\/najcastejsie-otazky-a-odpovede\/#breadcrumb\"},\"inLanguage\":\"sk-SK\",\"potentialAction\":[{\"@type\":\"ReadAction\",\"target\":[\"https:\/\/shop.commander.sk\/najcastejsie-otazky-a-odpovede\/\"]}]},{\"@type\":\"BreadcrumbList\",\"@id\":\"https:\/\/shop.commander.sk\/najcastejsie-otazky-a-odpovede\/#breadcrumb\",\"itemListElement\":[{\"@type\":\"ListItem\",\"position\":1,\"name\":\"Domovsk\u00e1 str\u00e1nka\",\"item\":\"https:\/\/shop.commander.sk\/\"},{\"@type\":\"ListItem\",\"position\":2,\"name\":\"FAQ\"}]}]}<\/script>\n<!-- \/ Yoast SEO plugin. -->","yoast_head_json":{"title":"Naj\u010dastej\u0161ie ot\u00e1zky a odpovede - Commander Services","description":"Sme tu pre svojich klientov a ich spokojnos\u0165 kladieme na prv\u00e9 miesto. Preto sme zozbierali Va\u0161e naj\u010dastej\u0161ie ot\u00e1zky a odpovede.","robots":{"index":"index","follow":"follow","max-snippet":"max-snippet:-1","max-image-preview":"max-image-preview:large","max-video-preview":"max-video-preview:-1"},"canonical":"https:\/\/shop.commander.sk\/sk\/najcastejsie-otazky-a-odpovede\/","og_locale":"sk_SK","og_type":"article","og_title":"Naj\u010dastej\u0161ie ot\u00e1zky a odpovede - Commander Services","og_description":"Sme tu pre svojich klientov a ich spokojnos\u0165 kladieme na prv\u00e9 miesto. Preto sme zozbierali Va\u0161e naj\u010dastej\u0161ie ot\u00e1zky a odpovede.","og_url":"https:\/\/shop.commander.sk\/sk\/najcastejsie-otazky-a-odpovede\/","og_site_name":"Commander Services","article_modified_time":"2023-12-14T06:27:26+00:00","og_image":[{"width":200,"height":200,"url":"https:\/\/shop.commander.sk\/wp-content\/uploads\/2020\/10\/commander_icon.png","type":"image\/png"}],"twitter_card":"summary_large_image","twitter_misc":{"Predpokladan\u00fd \u010das \u010d\u00edtania":"1 min\u00fata"},"schema":{"@context":"https:\/\/schema.org","@graph":[{"@type":"WebSite","@id":"https:\/\/shop.commander.sk\/#website","url":"https:\/\/shop.commander.sk\/","name":"Commander Services","description":"","potentialAction":[{"@type":"SearchAction","target":{"@type":"EntryPoint","urlTemplate":"https:\/\/shop.commander.sk\/?s={search_term_string}"},"query-input":"required name=search_term_string"}],"inLanguage":"sk-SK"},{"@type":"ImageObject","@id":"https:\/\/shop.commander.sk\/najcastejsie-otazky-a-odpovede\/#primaryimage","inLanguage":"sk-SK","url":"https:\/\/shop.commander.sk\/wp-content\/uploads\/2020\/10\/commander_icon.png","contentUrl":"https:\/\/shop.commander.sk\/wp-content\/uploads\/2020\/10\/commander_icon.png","width":200,"height":200,"caption":"commander icon"},{"@type":"WebPage","@id":"https:\/\/shop.commander.sk\/najcastejsie-otazky-a-odpovede\/#webpage","url":"https:\/\/shop.commander.sk\/najcastejsie-otazky-a-odpovede\/","name":"Naj\u010dastej\u0161ie ot\u00e1zky a odpovede - Commander Services","isPartOf":{"@id":"https:\/\/shop.commander.sk\/#website"},"primaryImageOfPage":{"@id":"https:\/\/shop.commander.sk\/najcastejsie-otazky-a-odpovede\/#primaryimage"},"datePublished":"2020-06-05T02:02:13+00:00","dateModified":"2023-12-14T06:27:26+00:00","description":"Sme tu pre svojich klientov a ich spokojnos\u0165 kladieme na prv\u00e9 miesto. Preto sme zozbierali Va\u0161e naj\u010dastej\u0161ie ot\u00e1zky a odpovede.","breadcrumb":{"@id":"https:\/\/shop.commander.sk\/najcastejsie-otazky-a-odpovede\/#breadcrumb"},"inLanguage":"sk-SK","potentialAction":[{"@type":"ReadAction","target":["https:\/\/shop.commander.sk\/najcastejsie-otazky-a-odpovede\/"]}]},{"@type":"BreadcrumbList","@id":"https:\/\/shop.commander.sk\/najcastejsie-otazky-a-odpovede\/#breadcrumb","itemListElement":[{"@type":"ListItem","position":1,"name":"Domovsk\u00e1 str\u00e1nka","item":"https:\/\/shop.commander.sk\/"},{"@type":"ListItem","position":2,"name":"FAQ"}]}]}},"_links":{"self":[{"href":"https:\/\/shop.commander.sk\/sk\/wp-json\/wp\/v2\/pages\/603"}],"collection":[{"href":"https:\/\/shop.commander.sk\/sk\/wp-json\/wp\/v2\/pages"}],"about":[{"href":"https:\/\/shop.commander.sk\/sk\/wp-json\/wp\/v2\/types\/page"}],"author":[{"embeddable":true,"href":"https:\/\/shop.commander.sk\/sk\/wp-json\/wp\/v2\/users\/1"}],"replies":[{"embeddable":true,"href":"https:\/\/shop.commander.sk\/sk\/wp-json\/wp\/v2\/comments?post=603"}],"version-history":[{"count":0,"href":"https:\/\/shop.commander.sk\/sk\/wp-json\/wp\/v2\/pages\/603\/revisions"}],"wp:featuredmedia":[{"embeddable":true,"href":"https:\/\/shop.commander.sk\/sk\/wp-json\/wp\/v2\/media\/2140"}],"wp:attachment":[{"href":"https:\/\/shop.commander.sk\/sk\/wp-json\/wp\/v2\/media?parent=603"}],"curies":[{"name":"wp","href":"https:\/\/api.w.org\/{rel}","templated":true}]}}