{"id":2715,"date":"2020-12-08T16:59:19","date_gmt":"2020-12-08T15:59:19","guid":{"rendered":"https:\/\/shop.commander.sk\/?post_type=product&#038;p=2715"},"modified":"2020-12-13T16:36:19","modified_gmt":"2020-12-13T15:36:19","slug":"adapter-na-obd-jednotku","status":"publish","type":"product","link":"https:\/\/shop.commander.sk\/sk\/produkt\/adapter-na-obd-jednotku\/","title":{"rendered":"Adapt\u00e9r na OBD jednotku"},"content":{"rendered":"\t\t<div data-elementor-type=\"wp-post\" data-elementor-id=\"2715\" class=\"elementor elementor-2715\" data-elementor-settings=\"[]\">\n\t\t\t\t\t\t<div class=\"elementor-inner\">\n\t\t\t\t\t\t\t<div class=\"elementor-section-wrap\">\n\t\t\t\t\t\t\t<section class=\"elementor-section elementor-top-section elementor-element elementor-element-5903a5e elementor-section-boxed elementor-section-height-default elementor-section-height-default\" data-id=\"5903a5e\" data-element_type=\"section\">\n\t\t\t\t\t\t<div class=\"elementor-container elementor-column-gap-default\">\n\t\t\t\t\t\t\t<div class=\"elementor-row\">\n\t\t\t\t\t<div class=\"elementor-column elementor-col-100 elementor-top-column elementor-element elementor-element-4471a01\" data-id=\"4471a01\" data-element_type=\"column\">\n\t\t\t<div class=\"elementor-column-wrap elementor-element-populated\">\n\t\t\t\t\t\t\t<div class=\"elementor-widget-wrap\">\n\t\t\t\t\t\t<div class=\"elementor-element elementor-element-224d847 elementor-widget elementor-widget-text-editor\" data-id=\"224d847\" data-element_type=\"widget\" data-widget_type=\"text-editor.default\">\n\t\t\t\t<div class=\"elementor-widget-container\">\n\t\t\t\t\t\t\t\t<div class=\"elementor-text-editor elementor-clearfix\">\n\t\t\t\t\t<p>K\u00e1bel na roz\u0161\u00edrenie pripojenia OBD jednotky je rie\u0161en\u00edm v pr\u00edpade, ak:<\/p><ul><li>je z\u00e1suvka OBD na \u0165a\u017eko dostupnom mieste a \u010das\u0165 vozidla ru\u0161ia GPS sign\u00e1l<\/li><li>je potrebn\u00e9 demontova\u0165\/otvori\u0165 \u010dasti vozidla, aby ste sa dostali k z\u00e1suvke OBD<\/li><li>je zapojen\u00fd GPS lok\u00e1tor do siete a \u010dasti vozidla nedr\u017eia na mieste alebo sa nedaj\u00fa zavrie\u0165<\/li><\/ul>\t\t\t\t\t<\/div>\n\t\t\t\t\t\t<\/div>\n\t\t\t\t<\/div>\n\t\t\t\t\t\t<\/div>\n\t\t\t\t\t<\/div>\n\t\t<\/div>\n\t\t\t\t\t\t\t\t<\/div>\n\t\t\t\t\t<\/div>\n\t\t<\/section>\n\t\t\t\t<section class=\"elementor-section elementor-top-section elementor-element elementor-element-5eafc33 elementor-section-boxed elementor-section-height-default elementor-section-height-default\" data-id=\"5eafc33\" data-element_type=\"section\">\n\t\t\t\t\t\t<div class=\"elementor-container elementor-column-gap-default\">\n\t\t\t\t\t\t\t<div class=\"elementor-row\">\n\t\t\t\t\t<div class=\"elementor-column elementor-col-100 elementor-top-column elementor-element elementor-element-347e72a\" data-id=\"347e72a\" data-element_type=\"column\">\n\t\t\t<div class=\"elementor-column-wrap elementor-element-populated\">\n\t\t\t\t\t\t\t<div class=\"elementor-widget-wrap\">\n\t\t\t\t\t\t<div class=\"elementor-element elementor-element-91d593f elementor-widget elementor-widget-text-editor\" data-id=\"91d593f\" data-element_type=\"widget\" data-widget_type=\"text-editor.default\">\n\t\t\t\t<div class=\"elementor-widget-container\">\n\t\t\t\t\t\t\t\t<div class=\"elementor-text-editor elementor-clearfix\">\n\t\t\t\t\t<p><strong>K\u013e\u00fa\u010dov\u00e9 vlastnosti<\/strong><\/p><ul><li>d\u013a\u017eka k\u00e1bla: 50 cm<\/li><li>neuzatvoren\u00fd jednodielny konektor samec\/samica<\/li><li>vhodn\u00fd pre v\u0161etky \u013eahk\u00e9 vozidl\u00e1 so z\u00e1suvkou OBD<\/li><\/ul>\t\t\t\t\t<\/div>\n\t\t\t\t\t\t<\/div>\n\t\t\t\t<\/div>\n\t\t\t\t\t\t<\/div>\n\t\t\t\t\t<\/div>\n\t\t<\/div>\n\t\t\t\t\t\t\t\t<\/div>\n\t\t\t\t\t<\/div>\n\t\t<\/section>\n\t\t\t\t\t\t<\/div>\n\t\t\t\t\t\t<\/div>\n\t\t\t\t\t<\/div>\n\t\t","protected":false},"excerpt":{"rendered":"<p>Tento adapt\u00e9r m\u00f4\u017eete vyu\u017ei\u0165 v pr\u00edpade, ak m\u00e1te OBD jednotku umiestnen\u00fa na inom mieste, ako pod volantom v\u00e1\u0161ho vozidla a prostredn\u00edctvom predl\u017eovacieho k\u00e1bla si m\u00f4\u017eete umiestni\u0165 OBD jednotku tam, kde V\u00e1m vyhovuje.<\/p>\n","protected":false},"featured_media":2760,"comment_status":"open","ping_status":"closed","template":"","meta":{"_links_to":"","_links_to_target":""},"product_cat":[146],"product_tag":[],"acf":[],"yoast_head":"<!-- This site is optimized with the Yoast SEO plugin v18.4.1 - https:\/\/yoast.com\/wordpress\/plugins\/seo\/ -->\n<title>Adapt\u00e9r na OBD jednotku - Commander Services<\/title>\n<meta name=\"description\" content=\"Tento adapt\u00e9r m\u00f4\u017eete vyu\u017ei\u0165 v pr\u00edpade, ak m\u00e1te OBD jednotku umiestnen\u00fa na inom mieste, ako pod volantom v\u00e1\u0161ho vozidla.\" \/>\n<meta name=\"robots\" content=\"index, follow, max-snippet:-1, max-image-preview:large, max-video-preview:-1\" \/>\n<link rel=\"canonical\" href=\"https:\/\/shop.commander.sk\/sk\/produkt\/adapter-na-obd-jednotku\/\" \/>\n<meta property=\"og:locale\" content=\"sk_SK\" \/>\n<meta property=\"og:type\" content=\"article\" \/>\n<meta property=\"og:title\" content=\"Adapt\u00e9r na OBD jednotku - Commander Services\" \/>\n<meta property=\"og:description\" content=\"Tento adapt\u00e9r m\u00f4\u017eete vyu\u017ei\u0165 v pr\u00edpade, ak m\u00e1te OBD jednotku umiestnen\u00fa na inom mieste, ako pod volantom v\u00e1\u0161ho vozidla.\" \/>\n<meta property=\"og:url\" content=\"https:\/\/shop.commander.sk\/sk\/produkt\/adapter-na-obd-jednotku\/\" \/>\n<meta property=\"og:site_name\" content=\"Commander Services\" \/>\n<meta property=\"article:modified_time\" content=\"2020-12-13T15:36:19+00:00\" \/>\n<meta property=\"og:image\" content=\"https:\/\/shop.commander.sk\/wp-content\/uploads\/2020\/12\/adapter_na_OBD_jednotku_03.jpg\" \/>\n\t<meta property=\"og:image:width\" content=\"800\" \/>\n\t<meta property=\"og:image:height\" content=\"800\" \/>\n\t<meta property=\"og:image:type\" content=\"image\/jpeg\" \/>\n<meta name=\"twitter:card\" content=\"summary_large_image\" \/>\n<script type=\"application\/ld+json\" class=\"yoast-schema-graph\">{\"@context\":\"https:\/\/schema.org\",\"@graph\":[{\"@type\":\"WebSite\",\"@id\":\"https:\/\/shop.commander.sk\/#website\",\"url\":\"https:\/\/shop.commander.sk\/\",\"name\":\"Commander Services\",\"description\":\"\",\"potentialAction\":[{\"@type\":\"SearchAction\",\"target\":{\"@type\":\"EntryPoint\",\"urlTemplate\":\"https:\/\/shop.commander.sk\/?s={search_term_string}\"},\"query-input\":\"required name=search_term_string\"}],\"inLanguage\":\"sk-SK\"},{\"@type\":\"ImageObject\",\"@id\":\"https:\/\/shop.commander.sk\/produkt\/adapter-na-obd-jednotku\/#primaryimage\",\"inLanguage\":\"sk-SK\",\"url\":\"https:\/\/shop.commander.sk\/wp-content\/uploads\/2020\/12\/adapter_na_OBD_jednotku_03.jpg\",\"contentUrl\":\"https:\/\/shop.commander.sk\/wp-content\/uploads\/2020\/12\/adapter_na_OBD_jednotku_03.jpg\",\"width\":800,\"height\":800,\"caption\":\"Adapt\u00e9r na OBD jednotku\"},{\"@type\":\"WebPage\",\"@id\":\"https:\/\/shop.commander.sk\/produkt\/adapter-na-obd-jednotku\/#webpage\",\"url\":\"https:\/\/shop.commander.sk\/produkt\/adapter-na-obd-jednotku\/\",\"name\":\"Adapt\u00e9r na OBD jednotku - Commander Services\",\"isPartOf\":{\"@id\":\"https:\/\/shop.commander.sk\/#website\"},\"primaryImageOfPage\":{\"@id\":\"https:\/\/shop.commander.sk\/produkt\/adapter-na-obd-jednotku\/#primaryimage\"},\"datePublished\":\"2020-12-08T15:59:19+00:00\",\"dateModified\":\"2020-12-13T15:36:19+00:00\",\"description\":\"Tento adapt\u00e9r m\u00f4\u017eete vyu\u017ei\u0165 v pr\u00edpade, ak m\u00e1te OBD jednotku umiestnen\u00fa na inom mieste, ako pod volantom v\u00e1\u0161ho vozidla.\",\"breadcrumb\":{\"@id\":\"https:\/\/shop.commander.sk\/produkt\/adapter-na-obd-jednotku\/#breadcrumb\"},\"inLanguage\":\"sk-SK\",\"potentialAction\":[{\"@type\":\"ReadAction\",\"target\":[\"https:\/\/shop.commander.sk\/produkt\/adapter-na-obd-jednotku\/\"]}]},{\"@type\":\"BreadcrumbList\",\"@id\":\"https:\/\/shop.commander.sk\/produkt\/adapter-na-obd-jednotku\/#breadcrumb\",\"itemListElement\":[{\"@type\":\"ListItem\",\"position\":1,\"name\":\"Domovsk\u00e1 str\u00e1nka\",\"item\":\"https:\/\/shop.commander.sk\/\"},{\"@type\":\"ListItem\",\"position\":2,\"name\":\"Obchod\",\"item\":\"https:\/\/shop.commander.sk\/commander-zabezpecenie-vozidiel\/\"},{\"@type\":\"ListItem\",\"position\":3,\"name\":\"Adapt\u00e9r na OBD jednotku\"}]}]}<\/script>\n<!-- \/ Yoast SEO plugin. -->","yoast_head_json":{"title":"Adapt\u00e9r na OBD jednotku - Commander Services","description":"Tento adapt\u00e9r m\u00f4\u017eete vyu\u017ei\u0165 v pr\u00edpade, ak m\u00e1te OBD jednotku umiestnen\u00fa na inom mieste, ako pod volantom v\u00e1\u0161ho vozidla.","robots":{"index":"index","follow":"follow","max-snippet":"max-snippet:-1","max-image-preview":"max-image-preview:large","max-video-preview":"max-video-preview:-1"},"canonical":"https:\/\/shop.commander.sk\/sk\/produkt\/adapter-na-obd-jednotku\/","og_locale":"sk_SK","og_type":"article","og_title":"Adapt\u00e9r na OBD jednotku - Commander Services","og_description":"Tento adapt\u00e9r m\u00f4\u017eete vyu\u017ei\u0165 v pr\u00edpade, ak m\u00e1te OBD jednotku umiestnen\u00fa na inom mieste, ako pod volantom v\u00e1\u0161ho vozidla.","og_url":"https:\/\/shop.commander.sk\/sk\/produkt\/adapter-na-obd-jednotku\/","og_site_name":"Commander Services","article_modified_time":"2020-12-13T15:36:19+00:00","og_image":[{"width":800,"height":800,"url":"https:\/\/shop.commander.sk\/wp-content\/uploads\/2020\/12\/adapter_na_OBD_jednotku_03.jpg","type":"image\/jpeg"}],"twitter_card":"summary_large_image","schema":{"@context":"https:\/\/schema.org","@graph":[{"@type":"WebSite","@id":"https:\/\/shop.commander.sk\/#website","url":"https:\/\/shop.commander.sk\/","name":"Commander Services","description":"","potentialAction":[{"@type":"SearchAction","target":{"@type":"EntryPoint","urlTemplate":"https:\/\/shop.commander.sk\/?s={search_term_string}"},"query-input":"required name=search_term_string"}],"inLanguage":"sk-SK"},{"@type":"ImageObject","@id":"https:\/\/shop.commander.sk\/produkt\/adapter-na-obd-jednotku\/#primaryimage","inLanguage":"sk-SK","url":"https:\/\/shop.commander.sk\/wp-content\/uploads\/2020\/12\/adapter_na_OBD_jednotku_03.jpg","contentUrl":"https:\/\/shop.commander.sk\/wp-content\/uploads\/2020\/12\/adapter_na_OBD_jednotku_03.jpg","width":800,"height":800,"caption":"Adapt\u00e9r na OBD jednotku"},{"@type":"WebPage","@id":"https:\/\/shop.commander.sk\/produkt\/adapter-na-obd-jednotku\/#webpage","url":"https:\/\/shop.commander.sk\/produkt\/adapter-na-obd-jednotku\/","name":"Adapt\u00e9r na OBD jednotku - Commander Services","isPartOf":{"@id":"https:\/\/shop.commander.sk\/#website"},"primaryImageOfPage":{"@id":"https:\/\/shop.commander.sk\/produkt\/adapter-na-obd-jednotku\/#primaryimage"},"datePublished":"2020-12-08T15:59:19+00:00","dateModified":"2020-12-13T15:36:19+00:00","description":"Tento adapt\u00e9r m\u00f4\u017eete vyu\u017ei\u0165 v pr\u00edpade, ak m\u00e1te OBD jednotku umiestnen\u00fa na inom mieste, ako pod volantom v\u00e1\u0161ho vozidla.","breadcrumb":{"@id":"https:\/\/shop.commander.sk\/produkt\/adapter-na-obd-jednotku\/#breadcrumb"},"inLanguage":"sk-SK","potentialAction":[{"@type":"ReadAction","target":["https:\/\/shop.commander.sk\/produkt\/adapter-na-obd-jednotku\/"]}]},{"@type":"BreadcrumbList","@id":"https:\/\/shop.commander.sk\/produkt\/adapter-na-obd-jednotku\/#breadcrumb","itemListElement":[{"@type":"ListItem","position":1,"name":"Domovsk\u00e1 str\u00e1nka","item":"https:\/\/shop.commander.sk\/"},{"@type":"ListItem","position":2,"name":"Obchod","item":"https:\/\/shop.commander.sk\/commander-zabezpecenie-vozidiel\/"},{"@type":"ListItem","position":3,"name":"Adapt\u00e9r na OBD jednotku"}]}]}},"_links":{"self":[{"href":"https:\/\/shop.commander.sk\/sk\/wp-json\/wp\/v2\/product\/2715"}],"collection":[{"href":"https:\/\/shop.commander.sk\/sk\/wp-json\/wp\/v2\/product"}],"about":[{"href":"https:\/\/shop.commander.sk\/sk\/wp-json\/wp\/v2\/types\/product"}],"replies":[{"embeddable":true,"href":"https:\/\/shop.commander.sk\/sk\/wp-json\/wp\/v2\/comments?post=2715"}],"version-history":[{"count":0,"href":"https:\/\/shop.commander.sk\/sk\/wp-json\/wp\/v2\/product\/2715\/revisions"}],"wp:featuredmedia":[{"embeddable":true,"href":"https:\/\/shop.commander.sk\/sk\/wp-json\/wp\/v2\/media\/2760"}],"wp:attachment":[{"href":"https:\/\/shop.commander.sk\/sk\/wp-json\/wp\/v2\/media?parent=2715"}],"wp:term":[{"taxonomy":"product_cat","embeddable":true,"href":"https:\/\/shop.commander.sk\/sk\/wp-json\/wp\/v2\/product_cat?post=2715"},{"taxonomy":"product_tag","embeddable":true,"href":"https:\/\/shop.commander.sk\/sk\/wp-json\/wp\/v2\/product_tag?post=2715"}],"curies":[{"name":"wp","href":"https:\/\/api.w.org\/{rel}","templated":true}]}}