{"id":356,"date":"2020-11-20T15:00:27","date_gmt":"2020-11-20T14:00:27","guid":{"rendered":"https:\/\/demo.accesspressthemes.com\/zigcy-lite\/demo-three\/?post_type=product&#038;p=356"},"modified":"2026-02-05T12:33:39","modified_gmt":"2026-02-05T11:33:39","slug":"secret-monitor-gps-lokator-pre-vozidla-s-napajanim-na-bateriu-2","status":"publish","type":"product","link":"https:\/\/shop.commander.sk\/sk\/produkt\/secret-monitor-gps-lokator-pre-vozidla-s-napajanim-na-bateriu-2\/","title":{"rendered":"Secret monitor \u2013 GPS lok\u00e1tor pre vozidl\u00e1 s nap\u00e1jan\u00edm na bat\u00e9riu"},"content":{"rendered":"","protected":true},"excerpt":{"rendered":"","protected":true},"featured_media":2569,"comment_status":"open","ping_status":"closed","template":"redux-templates_full_width","meta":{"_links_to":"","_links_to_target":""},"product_cat":[156],"product_tag":[],"acf":[],"yoast_head":"<!-- This site is optimized with the Yoast SEO plugin v18.4.1 - https:\/\/yoast.com\/wordpress\/plugins\/seo\/ -->\n<title>Secret monitor \u2013 GPS lok\u00e1tor pre vozidl\u00e1 s nap\u00e1jan\u00edm na bat\u00e9riu - Commander Services<\/title>\n<meta name=\"description\" content=\"Secret monitor je \u0161peci\u00e1lny, mal\u00fd a vodotesn\u00fd lok\u00e1tor polohy vozidla. Poskytuje mimoriadne presn\u00e9 \u00fadaje o polohe aj pohybe vozidla.\u00a0\" \/>\n<meta name=\"robots\" content=\"index, follow, max-snippet:-1, max-image-preview:large, max-video-preview:-1\" \/>\n<link rel=\"canonical\" href=\"https:\/\/shop.commander.sk\/sk\/produkt\/secret-monitor-gps-lokator-pre-vozidla-s-napajanim-na-bateriu-2\/\" \/>\n<meta property=\"og:locale\" content=\"sk_SK\" \/>\n<meta property=\"og:type\" content=\"article\" \/>\n<meta property=\"og:title\" content=\"Secret monitor \u2013 GPS lok\u00e1tor pre vozidl\u00e1 s nap\u00e1jan\u00edm na bat\u00e9riu - Commander Services\" \/>\n<meta property=\"og:description\" content=\"Secret monitor je \u0161peci\u00e1lny, mal\u00fd a vodotesn\u00fd lok\u00e1tor polohy vozidla. Poskytuje mimoriadne presn\u00e9 \u00fadaje o polohe aj pohybe vozidla.\u00a0\" \/>\n<meta property=\"og:url\" content=\"https:\/\/shop.commander.sk\/sk\/produkt\/secret-monitor-gps-lokator-pre-vozidla-s-napajanim-na-bateriu-2\/\" \/>\n<meta property=\"og:site_name\" content=\"Commander Services\" \/>\n<meta property=\"article:modified_time\" content=\"2026-02-05T11:33:39+00:00\" \/>\n<meta name=\"twitter:card\" content=\"summary_large_image\" \/>\n<meta name=\"twitter:label1\" content=\"Predpokladan\u00fd \u010das \u010d\u00edtania\" \/>\n\t<meta name=\"twitter:data1\" content=\"6 min\u00fat\" \/>\n<script type=\"application\/ld+json\" class=\"yoast-schema-graph\">{\"@context\":\"https:\/\/schema.org\",\"@graph\":[{\"@type\":\"WebSite\",\"@id\":\"https:\/\/shop.commander.sk\/#website\",\"url\":\"https:\/\/shop.commander.sk\/\",\"name\":\"Commander Services\",\"description\":\"\",\"potentialAction\":[{\"@type\":\"SearchAction\",\"target\":{\"@type\":\"EntryPoint\",\"urlTemplate\":\"https:\/\/shop.commander.sk\/?s={search_term_string}\"},\"query-input\":\"required name=search_term_string\"}],\"inLanguage\":\"sk-SK\"},{\"@type\":\"WebPage\",\"@id\":\"https:\/\/shop.commander.sk\/produkt\/secret-monitor-gps-lokator-pre-vozidla-s-napajanim-na-bateriu-2\/#webpage\",\"url\":\"https:\/\/shop.commander.sk\/produkt\/secret-monitor-gps-lokator-pre-vozidla-s-napajanim-na-bateriu-2\/\",\"name\":\"Secret monitor \u2013 GPS lok\u00e1tor pre vozidl\u00e1 s nap\u00e1jan\u00edm na bat\u00e9riu - Commander Services\",\"isPartOf\":{\"@id\":\"https:\/\/shop.commander.sk\/#website\"},\"datePublished\":\"2020-11-20T14:00:27+00:00\",\"dateModified\":\"2026-02-05T11:33:39+00:00\",\"breadcrumb\":{\"@id\":\"https:\/\/shop.commander.sk\/produkt\/secret-monitor-gps-lokator-pre-vozidla-s-napajanim-na-bateriu-2\/#breadcrumb\"},\"inLanguage\":\"sk-SK\"}]}<\/script>\n<!-- \/ Yoast SEO plugin. -->","yoast_head_json":{"title":"Secret monitor \u2013 GPS lok\u00e1tor pre vozidl\u00e1 s nap\u00e1jan\u00edm na bat\u00e9riu - Commander Services","description":"Secret monitor je \u0161peci\u00e1lny, mal\u00fd a vodotesn\u00fd lok\u00e1tor polohy vozidla. Poskytuje mimoriadne presn\u00e9 \u00fadaje o polohe aj pohybe vozidla.\u00a0","robots":{"index":"index","follow":"follow","max-snippet":"max-snippet:-1","max-image-preview":"max-image-preview:large","max-video-preview":"max-video-preview:-1"},"canonical":"https:\/\/shop.commander.sk\/sk\/produkt\/secret-monitor-gps-lokator-pre-vozidla-s-napajanim-na-bateriu-2\/","og_locale":"sk_SK","og_type":"article","og_title":"Secret monitor \u2013 GPS lok\u00e1tor pre vozidl\u00e1 s nap\u00e1jan\u00edm na bat\u00e9riu - Commander Services","og_description":"Secret monitor je \u0161peci\u00e1lny, mal\u00fd a vodotesn\u00fd lok\u00e1tor polohy vozidla. Poskytuje mimoriadne presn\u00e9 \u00fadaje o polohe aj pohybe vozidla.\u00a0","og_url":"https:\/\/shop.commander.sk\/sk\/produkt\/secret-monitor-gps-lokator-pre-vozidla-s-napajanim-na-bateriu-2\/","og_site_name":"Commander Services","article_modified_time":"2026-02-05T11:33:39+00:00","twitter_card":"summary_large_image","twitter_misc":{"Predpokladan\u00fd \u010das \u010d\u00edtania":"6 min\u00fat"},"schema":{"@context":"https:\/\/schema.org","@graph":[{"@type":"WebSite","@id":"https:\/\/shop.commander.sk\/#website","url":"https:\/\/shop.commander.sk\/","name":"Commander Services","description":"","potentialAction":[{"@type":"SearchAction","target":{"@type":"EntryPoint","urlTemplate":"https:\/\/shop.commander.sk\/?s={search_term_string}"},"query-input":"required name=search_term_string"}],"inLanguage":"sk-SK"},{"@type":"WebPage","@id":"https:\/\/shop.commander.sk\/produkt\/secret-monitor-gps-lokator-pre-vozidla-s-napajanim-na-bateriu-2\/#webpage","url":"https:\/\/shop.commander.sk\/produkt\/secret-monitor-gps-lokator-pre-vozidla-s-napajanim-na-bateriu-2\/","name":"Secret monitor \u2013 GPS lok\u00e1tor pre vozidl\u00e1 s nap\u00e1jan\u00edm na bat\u00e9riu - Commander Services","isPartOf":{"@id":"https:\/\/shop.commander.sk\/#website"},"datePublished":"2020-11-20T14:00:27+00:00","dateModified":"2026-02-05T11:33:39+00:00","breadcrumb":{"@id":"https:\/\/shop.commander.sk\/produkt\/secret-monitor-gps-lokator-pre-vozidla-s-napajanim-na-bateriu-2\/#breadcrumb"},"inLanguage":"sk-SK"}]}},"_links":{"self":[{"href":"https:\/\/shop.commander.sk\/sk\/wp-json\/wp\/v2\/product\/356"}],"collection":[{"href":"https:\/\/shop.commander.sk\/sk\/wp-json\/wp\/v2\/product"}],"about":[{"href":"https:\/\/shop.commander.sk\/sk\/wp-json\/wp\/v2\/types\/product"}],"replies":[{"embeddable":true,"href":"https:\/\/shop.commander.sk\/sk\/wp-json\/wp\/v2\/comments?post=356"}],"version-history":[{"count":0,"href":"https:\/\/shop.commander.sk\/sk\/wp-json\/wp\/v2\/product\/356\/revisions"}],"wp:featuredmedia":[{"embeddable":true,"href":"https:\/\/shop.commander.sk\/sk\/wp-json\/wp\/v2\/media\/2569"}],"wp:attachment":[{"href":"https:\/\/shop.commander.sk\/sk\/wp-json\/wp\/v2\/media?parent=356"}],"wp:term":[{"taxonomy":"product_cat","embeddable":true,"href":"https:\/\/shop.commander.sk\/sk\/wp-json\/wp\/v2\/product_cat?post=356"},{"taxonomy":"product_tag","embeddable":true,"href":"https:\/\/shop.commander.sk\/sk\/wp-json\/wp\/v2\/product_tag?post=356"}],"curies":[{"name":"wp","href":"https:\/\/api.w.org\/{rel}","templated":true}]}}